{"id":85,"date":"2024-11-08T13:43:09","date_gmt":"2024-11-08T12:43:09","guid":{"rendered":"https:\/\/sg1306.de\/?page_id=85"},"modified":"2024-11-22T11:17:17","modified_gmt":"2024-11-22T10:17:17","slug":"info-waffensachkunde","status":"publish","type":"page","link":"https:\/\/sg1306.de\/index.php\/info-waffensachkunde\/","title":{"rendered":"Info Waffensachkunde"},"content":{"rendered":"\r\n<h1 class=\"wp-block-heading\">Ablauf Waffensachkunde<\/h1>\r\n\r\n\r\n\r\n<figure class=\"wp-block-image size-full\"><img loading=\"lazy\" decoding=\"async\" width=\"1000\" height=\"278\" class=\"wp-image-129\" src=\"https:\/\/sg1306.de\/wp-content\/uploads\/2024\/11\/Waffensachkunde.jpg\" alt=\"\" srcset=\"https:\/\/sg1306.de\/wp-content\/uploads\/2024\/11\/Waffensachkunde.jpg 1000w, https:\/\/sg1306.de\/wp-content\/uploads\/2024\/11\/Waffensachkunde-300x83.jpg 300w, https:\/\/sg1306.de\/wp-content\/uploads\/2024\/11\/Waffensachkunde-768x214.jpg 768w\" sizes=\"auto, (max-width: 1000px) 100vw, 1000px\" \/><\/figure>\r\n\r\n\r\n\r\n<p style=\"text-align: center;\"><span style=\"font-size: 18pt; color: #339966;\"><strong>Waffensachkunde f\u00fcr Sportsch\u00fctzen<\/strong><\/span><\/p>\r\n<p><span style=\"font-size: 18pt;\">\r\n\r\n<\/span><\/p>\r\n<p style=\"text-align: center;\"><span style=\"font-size: 18pt;\">Bei der Waffensachkunde f\u00fcr Sportsch\u00fctzen wird speziell auf die Erfordernisse des sportlichen Schie\u00dfens abgezielt. Der Lehrgang umfasst 16 Stunden Ausbildung.<\/span><\/p>\r\n<p><span style=\"font-size: 18pt;\">\r\n\r\n<\/span><\/p>\r\n<p style=\"text-align: center;\"><span style=\"font-size: 18pt;\">Folgende gesetzlich vorgeschriebene Ausbildungsinhalte werden vermittelt:<\/span><\/p>\r\n<p><span style=\"font-size: 18pt;\">\r\n\r\n<\/span><\/p>\r\n<p style=\"text-align: center;\"><span style=\"font-size: 18pt;\">&#8211; die beim Umgang mit Waffen und Munition zu beachtenden Rechtsvorschriften des Waffenrechts und des Beschussrechts<\/span><\/p>\r\n<p><span style=\"font-size: 18pt;\">\r\n\r\n<\/span><\/p>\r\n<p style=\"text-align: center;\"><span style=\"font-size: 18pt;\">&#8211; Notwehr und Notstand<\/span><\/p>\r\n<p><span style=\"font-size: 18pt;\">\r\n\r\n<\/span><\/p>\r\n<p style=\"text-align: center;\"><span style=\"font-size: 18pt;\">&#8211; Kenntnisse \u00fcber die Funktionsweise der Schusswaffen<\/span><\/p>\r\n<p><span style=\"font-size: 18pt;\">\r\n\r\n<\/span><\/p>\r\n<p style=\"text-align: center;\"><span style=\"font-size: 18pt;\">&#8211; Innen- und Au\u00dfenballistik<\/span><\/p>\r\n<p><span style=\"font-size: 18pt;\">\r\n\r\n<\/span><\/p>\r\n<p style=\"text-align: center;\"><span style=\"font-size: 18pt;\">&#8211; Reichweite und Wirkungsweise von Geschossen<\/span><\/p>\r\n<p><span style=\"font-size: 18pt;\">\r\n\r\n<\/span><\/p>\r\n<p style=\"text-align: center;\"><span style=\"font-size: 18pt;\">&#8211; Kenntnisse \u00fcber die Funktions- und Wirkungsweise sowie die Reichweite von verbotenen Gegenst\u00e4nden<\/span><\/p>\r\n<p><span style=\"font-size: 18pt;\">\r\n\r\n<\/span><\/p>\r\n<p style=\"text-align: center;\"><span style=\"font-size: 18pt;\">&#8211; sichere Handhabung von Waffen und Munition<\/span><\/p>\r\n<p><span style=\"font-size: 18pt;\">\r\n\r\n<\/span><\/p>\r\n<p style=\"text-align: center;\"><span style=\"font-size: 18pt;\">Die Pr\u00fcfung umfasst einen schriftlichen, sowie praktischen Teil.<\/span><\/p>\r\n<p><span style=\"font-size: 18pt;\">\r\n\r\n<\/span><\/p>\r\n<p style=\"text-align: center;\"><span style=\"font-size: 18pt;\">Der Waffensachkundelehrgang ist staatlich anerkannt und ist somit deutschlandweit uneingeschr\u00e4nkt g\u00fcltig.<\/span><\/p>\r\n<p><span style=\"font-size: 18pt;\">\r\n\r\n<\/span><\/p>\r\n<p style=\"text-align: center;\"><span style=\"font-size: 18pt; color: #339966;\"><strong>Waffensachkunde f\u00fcr gef\u00e4hrdete Personen, Bewachungsunternehmer und dessen Bewachungspersonal<\/strong><\/span><\/p>\r\n<p><span style=\"font-size: 18pt;\">\r\n\r\n<\/span><\/p>\r\n<p style=\"text-align: center;\"><span style=\"font-size: 18pt;\">Bei der Waffensachkunde f\u00fcr gef\u00e4hrdete Personen, Bewachungsunternehmer und dessen Bewachungspersonal wird die sichere Handhabung der Schusswaffe intensiv vermittelt. Der Lehrgang umfasst 16 Stunden Theorie und 8 Stunden praktische Ausbildung mit der Schusswaffe.<\/span><\/p>\r\n<p><span style=\"font-size: 18pt;\">\r\n\r\n<\/span><\/p>\r\n<p style=\"text-align: center;\"><span style=\"font-size: 18pt;\">Folgende gesetzlich vorgeschriebene Ausbildungsinhalte werden vermittelt:<\/span><\/p>\r\n<p><span style=\"font-size: 18pt;\">\r\n\r\n<\/span><\/p>\r\n<p style=\"text-align: center;\"><span style=\"font-size: 18pt;\">&#8211; die beim Umgang mit Waffen und Munition zu beachtenden Rechtsvorschriften des Waffenrechts und des Beschussrechts<\/span><\/p>\r\n<p><span style=\"font-size: 18pt;\">\r\n\r\n<\/span><\/p>\r\n<p style=\"text-align: center;\"><span style=\"font-size: 18pt;\">&#8211; Notwehr und Notstand<\/span><\/p>\r\n<p><span style=\"font-size: 18pt;\">\r\n\r\n<\/span><\/p>\r\n<p style=\"text-align: center;\"><span style=\"font-size: 18pt;\">&#8211; Kenntnisse \u00fcber die Funktionsweise der Schusswaffen<\/span><\/p>\r\n<p><span style=\"font-size: 18pt;\">\r\n\r\n<\/span><\/p>\r\n<p style=\"text-align: center;\"><span style=\"font-size: 18pt;\">&#8211; Innen- und Au\u00dfenballistik<\/span><\/p>\r\n<p><span style=\"font-size: 18pt;\">\r\n\r\n<\/span><\/p>\r\n<p style=\"text-align: center;\"><span style=\"font-size: 18pt;\">&#8211; Reichweite und Wirkungsweise von Geschossen<\/span><\/p>\r\n<p><span style=\"font-size: 18pt;\">\r\n\r\n<\/span><\/p>\r\n<p style=\"text-align: center;\"><span style=\"font-size: 18pt;\">&#8211; Kenntnisse \u00fcber die Funktions- und Wirkungsweise sowie die Reichweite von verbotenen Gegenst\u00e4nden<\/span><\/p>\r\n<p><span style=\"font-size: 18pt;\">\r\n\r\n<\/span><\/p>\r\n<p style=\"text-align: center;\"><span style=\"font-size: 18pt;\">&#8211; sichere Handhabung von Waffen und Munition<\/span><\/p>\r\n<p><span style=\"font-size: 18pt;\">\r\n\r\n<\/span><\/p>\r\n<p style=\"text-align: center;\"><span style=\"font-size: 18pt;\">&#8211; Fertigkeiten im Schie\u00dfen<\/span><\/p>\r\n<p><span style=\"font-size: 18pt;\">\r\n\r\n<\/span><\/p>\r\n<p style=\"text-align: center;\"><span style=\"font-size: 18pt;\">Die Pr\u00fcfung umfasst einen schriftlichen, sowie einen\u00a0praktischen Teil mit Schiesspr\u00fcfung.<\/span><\/p>\r\n<p><span style=\"font-size: 18pt;\">\r\n\r\n<\/span><\/p>\r\n<p style=\"text-align: center;\"><span style=\"font-size: 18pt;\">Die Waffensachkunde f\u00fcr gewerbliche Teilnehmer ist staatlich anerkannt und ist somit deutschlandweit uneingeschr\u00e4nkt g\u00fcltig.<\/span><\/p>\r\n","protected":false},"excerpt":{"rendered":"<p>Ablauf Waffensachkunde Waffensachkunde f\u00fcr Sportsch\u00fctzen Bei der Waffensachkunde f\u00fcr Sportsch\u00fctzen wird speziell auf die Erfordernisse des sportlichen Schie\u00dfens abgezielt. Der&#8230; <a href=\"https:\/\/sg1306.de\/index.php\/info-waffensachkunde\/\" class=\"readmore\">weiterlesen &#8230;<span class=\"screen-reader-text\">Info Waffensachkunde<\/span><span class=\"fa fa-angle-double-right\" aria-hidden=\"true\"><\/span><\/a><\/p>\n","protected":false},"author":1,"featured_media":0,"parent":0,"menu_order":0,"comment_status":"closed","ping_status":"closed","template":"","meta":{"pgc_sgb_lightbox_settings":"","_mc_calendar":[],"footnotes":""},"class_list":["post-85","page","type-page","status-publish","hentry"],"_links":{"self":[{"href":"https:\/\/sg1306.de\/index.php\/wp-json\/wp\/v2\/pages\/85","targetHints":{"allow":["GET"]}}],"collection":[{"href":"https:\/\/sg1306.de\/index.php\/wp-json\/wp\/v2\/pages"}],"about":[{"href":"https:\/\/sg1306.de\/index.php\/wp-json\/wp\/v2\/types\/page"}],"author":[{"embeddable":true,"href":"https:\/\/sg1306.de\/index.php\/wp-json\/wp\/v2\/users\/1"}],"replies":[{"embeddable":true,"href":"https:\/\/sg1306.de\/index.php\/wp-json\/wp\/v2\/comments?post=85"}],"version-history":[{"count":4,"href":"https:\/\/sg1306.de\/index.php\/wp-json\/wp\/v2\/pages\/85\/revisions"}],"predecessor-version":[{"id":2254,"href":"https:\/\/sg1306.de\/index.php\/wp-json\/wp\/v2\/pages\/85\/revisions\/2254"}],"wp:attachment":[{"href":"https:\/\/sg1306.de\/index.php\/wp-json\/wp\/v2\/media?parent=85"}],"curies":[{"name":"wp","href":"https:\/\/api.w.org\/{rel}","templated":true}]}}