{"id":58,"date":"2024-11-08T13:33:32","date_gmt":"2024-11-08T12:33:32","guid":{"rendered":"https:\/\/sg1306.de\/?page_id=58"},"modified":"2026-03-07T15:20:08","modified_gmt":"2026-03-07T14:20:08","slug":"info-abteilung-bogen","status":"publish","type":"page","link":"https:\/\/sg1306.de\/index.php\/info-abteilung-bogen\/","title":{"rendered":"Info Abteilung Bogen"},"content":{"rendered":"<p style=\"text-align: center;\"><img loading=\"lazy\" decoding=\"async\" class=\"alignnone size-full wp-image-494\" src=\"https:\/\/sg1306.de\/wp-content\/uploads\/2024\/11\/bogen_con.gif\" alt=\"\" width=\"37\" height=\"37\" \/><\/p>\n<p style=\"text-align: center;\"><span style=\"font-size: 24pt; color: #339966;\"><strong>Die Bogenabteilung wird gef\u00fchrt vom<\/strong><\/span><\/p>\n<p style=\"text-align: center;\"><span style=\"font-size: 24pt; color: #339966;\"><strong>1. Bogensch\u00fctzenmeister Marco Gottschling,<\/strong><\/span><\/p>\n<p style=\"text-align: center;\"><span style=\"font-size: 24pt; color: #339966;\"><strong>dem noch mehrere Sch\u00fctzenmeister (Aufsichten) beigeordnet sind.<\/strong><\/span><\/p>\n<p style=\"text-align: center;\"><span style=\"font-size: 24pt;\"><strong>\u00a0<\/strong><\/span><\/p>\n<p style=\"text-align: center;\"><span style=\"font-size: 24pt;\"><strong>Unsere Bogenabteilung besteht aus<\/strong><\/span><\/p>\n<h2 style=\"text-align: center;\"><span style=\"font-size: 24pt; color: #339966;\"><strong>8 Gastscheiben <\/strong><\/span><\/h2>\n<h2 style=\"text-align: center;\"><span style=\"font-size: 24pt;\"><strong>f\u00fcr Traditionelle B\u00f6gen\u00a0(Recurvebogen,\u00a0Langbogen, Reiterbogen, Jagdrecurve)\u00a0<\/strong><strong>mit folgenden Entfernungen<\/strong><\/span><\/h2>\n<p style=\"text-align: center;\"><span style=\"font-size: 24pt;\"><strong>5m, 7m, 9m, 11m, 13m, 15m, 17m, 19m\u00a0<\/strong><\/span><\/p>\n<p style=\"text-align: center;\"><span style=\"font-size: 24pt;\"><strong>max. zugelassenes Zuggewicht 55 lbs.<\/strong><\/span><\/p>\n<p style=\"text-align: center;\"><span style=\"font-size: 24pt;\"><strong>\u00a0<\/strong><\/span><\/p>\n<h2 style=\"text-align: center;\"><span style=\"font-size: 24pt; color: #339966;\"><strong>5 Compundscheiben<\/strong><\/span><\/h2>\n<p style=\"text-align: center;\"><span style=\"font-size: 24pt;\"><strong>mit folgenden Entfernungen\u00a0<\/strong><\/span><\/p>\n<p style=\"text-align: center;\"><span style=\"font-size: 24pt;\"><strong>20m, 30m, 40m, 50m, 60m<\/strong><\/span><\/p>\n<p style=\"text-align: center;\"><span style=\"font-size: 24pt;\"><strong>max. zugelassenes Zuggewicht 55 lbs.<\/strong><\/span><\/p>\n<h2 style=\"text-align: center;\"><span style=\"font-size: 24pt; color: #339966;\"><strong>6 Mitgliederscheiben<\/strong><\/span><\/h2>\n<p style=\"text-align: center;\"><span style=\"font-size: 24pt;\"><strong>mit folgenden Entfernungen<\/strong><\/span><\/p>\n<p style=\"text-align: center;\"><span style=\"font-size: 24pt;\"><strong>10m, 15m, 18m, 22m, 25m, 30m,\u00a0<\/strong><\/span><\/p>\n<p style=\"text-align: center;\"><span style=\"font-size: 24pt;\"><strong>max. zugelassenes Zuggewicht 55 lbs.<\/strong><\/span><\/p>\n<p style=\"text-align: center;\"><span style=\"font-size: 24pt;\"><strong>\u00a0<\/strong><\/span><\/p>\n<h2 style=\"text-align: center;\"><span style=\"font-size: 24pt; color: #339966;\"><strong>Waldparcours &#8222;Rund um die Kuni&#8220;<\/strong><\/span><\/h2>\n<p style=\"text-align: center;\"><span style=\"font-size: 24pt;\"><strong>mit aktuell 22 3D Zielen<\/strong><\/span><\/p>\n<p style=\"text-align: center;\"><span style=\"font-size: 24pt;\"><strong>max. Gruppenst\u00e4rke 5 Personen<\/strong><\/span><\/p>\n<p style=\"text-align: center;\"><span style=\"font-size: 24pt;\"><strong>max. zugelassenes Zuggewicht 55 lbs.<\/strong><\/span><\/p>\n","protected":false},"excerpt":{"rendered":"<p>Die Bogenabteilung wird gef\u00fchrt vom 1. Bogensch\u00fctzenmeister Marco Gottschling, dem noch mehrere Sch\u00fctzenmeister (Aufsichten) beigeordnet sind. \u00a0 Unsere Bogenabteilung besteht&#8230; <a href=\"https:\/\/sg1306.de\/index.php\/info-abteilung-bogen\/\" class=\"readmore\">weiterlesen &#8230;<span class=\"screen-reader-text\">Info Abteilung Bogen<\/span><span class=\"fa fa-angle-double-right\" aria-hidden=\"true\"><\/span><\/a><\/p>\n","protected":false},"author":1,"featured_media":0,"parent":0,"menu_order":0,"comment_status":"closed","ping_status":"closed","template":"","meta":{"pgc_sgb_lightbox_settings":"","_mc_calendar":[],"footnotes":""},"class_list":["post-58","page","type-page","status-publish","hentry"],"_links":{"self":[{"href":"https:\/\/sg1306.de\/index.php\/wp-json\/wp\/v2\/pages\/58","targetHints":{"allow":["GET"]}}],"collection":[{"href":"https:\/\/sg1306.de\/index.php\/wp-json\/wp\/v2\/pages"}],"about":[{"href":"https:\/\/sg1306.de\/index.php\/wp-json\/wp\/v2\/types\/page"}],"author":[{"embeddable":true,"href":"https:\/\/sg1306.de\/index.php\/wp-json\/wp\/v2\/users\/1"}],"replies":[{"embeddable":true,"href":"https:\/\/sg1306.de\/index.php\/wp-json\/wp\/v2\/comments?post=58"}],"version-history":[{"count":17,"href":"https:\/\/sg1306.de\/index.php\/wp-json\/wp\/v2\/pages\/58\/revisions"}],"predecessor-version":[{"id":4559,"href":"https:\/\/sg1306.de\/index.php\/wp-json\/wp\/v2\/pages\/58\/revisions\/4559"}],"wp:attachment":[{"href":"https:\/\/sg1306.de\/index.php\/wp-json\/wp\/v2\/media?parent=58"}],"curies":[{"name":"wp","href":"https:\/\/api.w.org\/{rel}","templated":true}]}}