{"id":542,"date":"2024-11-12T09:11:51","date_gmt":"2024-11-12T08:11:51","guid":{"rendered":"https:\/\/sg1306.de\/?page_id=542"},"modified":"2024-11-12T09:43:45","modified_gmt":"2024-11-12T08:43:45","slug":"bogensportartikel-bei-uns-bestellen","status":"publish","type":"page","link":"https:\/\/sg1306.de\/index.php\/bogensportartikel-bei-uns-bestellen\/","title":{"rendered":"Bogensportartikel bei uns bestellen"},"content":{"rendered":"<div id=\"container\">\n<div id=\"main\">\n<div class=\"inside\">\n<div id=\"bogensportartikel-bei-uns-zu-beziehen\" class=\"mod_article first last block\">\n<div class=\"ce_text first block\">\n<h1 style=\"text-align: center;\"><strong><span style=\"color: #339966;\">Recurveb\u00f6gen<\/span><\/strong><\/h1>\n<p style=\"text-align: center;\"><strong>Jagdrecurve direkt vom Gro\u00dfh\u00e4ndler<\/strong><\/p>\n<p style=\"text-align: center;\"><img loading=\"lazy\" decoding=\"async\" class=\"alignnone wp-image-550\" src=\"https:\/\/sg1306.de\/wp-content\/uploads\/2024\/11\/Jagdbogen-300x300.jpg\" alt=\"\" width=\"299\" height=\"299\" srcset=\"https:\/\/sg1306.de\/wp-content\/uploads\/2024\/11\/Jagdbogen-300x300.jpg 300w, https:\/\/sg1306.de\/wp-content\/uploads\/2024\/11\/Jagdbogen-150x150.jpg 150w, https:\/\/sg1306.de\/wp-content\/uploads\/2024\/11\/Jagdbogen.jpg 500w\" sizes=\"auto, (max-width: 299px) 100vw, 299px\" \/><\/p>\n<\/div>\n<div class=\"ce_sliderStart block\" style=\"text-align: center;\">\n<div class=\"content-slider\" data-config=\"3000,3000,1,1\">\n<div class=\"slider-wrapper\">\n<div class=\"ce_text block\" data-index=\"0\">\n<p><img loading=\"lazy\" decoding=\"async\" class=\"\" src=\"https:\/\/sg1306.de\/wp-content\/uploads\/2024\/11\/Oak-Ridge-Dymond.jpg\" width=\"334\" height=\"306\" \/><\/p>\n<p>&nbsp;<\/p>\n<p><strong>Oak Ridge Dymond 62&#8243; 25-60 lbs.<\/strong><\/p>\n<p>&nbsp;<\/p>\n<\/div>\n<\/div>\n<\/div>\n<p><img loading=\"lazy\" decoding=\"async\" class=\"alignnone size-medium wp-image-553\" src=\"https:\/\/sg1306.de\/wp-content\/uploads\/2024\/11\/Oak-Ridge-Dymond-Gray-209x300.jpg\" alt=\"\" width=\"209\" height=\"300\" srcset=\"https:\/\/sg1306.de\/wp-content\/uploads\/2024\/11\/Oak-Ridge-Dymond-Gray-209x300.jpg 209w, https:\/\/sg1306.de\/wp-content\/uploads\/2024\/11\/Oak-Ridge-Dymond-Gray-715x1024.jpg 715w, https:\/\/sg1306.de\/wp-content\/uploads\/2024\/11\/Oak-Ridge-Dymond-Gray.jpg 716w\" sizes=\"auto, (max-width: 209px) 100vw, 209px\" \/><\/p>\n<div class=\"content-slider\" data-config=\"3000,3000,1,1\">\n<div class=\"slider-wrapper\">\n<div class=\"ce_text block\" data-index=\"1\">\n<p><strong>Oak Ridge Dymond Grey 62&#8243; 25-55 lbs.<\/strong><\/p>\n<p>&nbsp;<\/p>\n<\/div>\n<p><img loading=\"lazy\" decoding=\"async\" class=\"alignnone size-medium wp-image-558\" src=\"https:\/\/sg1306.de\/wp-content\/uploads\/2024\/11\/Oak-Ridge-Redden-227x300.jpg\" alt=\"\" width=\"227\" height=\"300\" srcset=\"https:\/\/sg1306.de\/wp-content\/uploads\/2024\/11\/Oak-Ridge-Redden-227x300.jpg 227w, https:\/\/sg1306.de\/wp-content\/uploads\/2024\/11\/Oak-Ridge-Redden-768x1014.jpg 768w, https:\/\/sg1306.de\/wp-content\/uploads\/2024\/11\/Oak-Ridge-Redden.jpg 774w\" sizes=\"auto, (max-width: 227px) 100vw, 227px\" \/><\/p>\n<div class=\"ce_text block\" data-index=\"2\">\n<p><strong>Oak Ridge Redden 62&#8243; 25-50 lbs.<\/strong><\/p>\n<p>&nbsp;<\/p>\n<\/div>\n<div class=\"ce_text block\" data-index=\"3\">\n<p><img loading=\"lazy\" decoding=\"async\" class=\"alignnone size-medium wp-image-559\" src=\"https:\/\/sg1306.de\/wp-content\/uploads\/2024\/11\/Oak_Ridge_HARDWOOD-227x300.jpg\" alt=\"\" width=\"227\" height=\"300\" srcset=\"https:\/\/sg1306.de\/wp-content\/uploads\/2024\/11\/Oak_Ridge_HARDWOOD-227x300.jpg 227w, https:\/\/sg1306.de\/wp-content\/uploads\/2024\/11\/Oak_Ridge_HARDWOOD.jpg 730w\" sizes=\"auto, (max-width: 227px) 100vw, 227px\" \/><\/p>\n<p>&nbsp;<\/p>\n<p><strong>Oak Ridge Hardwood 62&#8243; 25-50 lbs.<\/strong><\/p>\n<p>&nbsp;<\/p>\n<\/div>\n<div class=\"ce_text block\" data-index=\"4\">\n<p><img loading=\"lazy\" decoding=\"async\" class=\"alignnone size-medium wp-image-561\" src=\"https:\/\/sg1306.de\/wp-content\/uploads\/2024\/11\/ragim-black-bear-164x300.jpg\" alt=\"\" width=\"164\" height=\"300\" srcset=\"https:\/\/sg1306.de\/wp-content\/uploads\/2024\/11\/ragim-black-bear-164x300.jpg 164w, https:\/\/sg1306.de\/wp-content\/uploads\/2024\/11\/ragim-black-bear.jpg 426w\" sizes=\"auto, (max-width: 164px) 100vw, 164px\" \/><\/p>\n<p>&nbsp;<\/p>\n<p><strong>Ragim Black Bear 58&#8243; 20-60 lbs.<\/strong><\/p>\n<p>&nbsp;<\/p>\n<\/div>\n<div class=\"ce_text block\" data-index=\"5\">\n<p><img loading=\"lazy\" decoding=\"async\" class=\"alignnone size-medium wp-image-562\" src=\"https:\/\/sg1306.de\/wp-content\/uploads\/2024\/11\/RAGIM-Brown-Bear-161x300.jpg\" alt=\"\" width=\"161\" height=\"300\" srcset=\"https:\/\/sg1306.de\/wp-content\/uploads\/2024\/11\/RAGIM-Brown-Bear-161x300.jpg 161w, https:\/\/sg1306.de\/wp-content\/uploads\/2024\/11\/RAGIM-Brown-Bear.jpg 489w\" sizes=\"auto, (max-width: 161px) 100vw, 161px\" \/><\/p>\n<p>&nbsp;<\/p>\n<p><strong>Ragim Black Bear 58&#8243; 25-60 lbs.<\/strong><\/p>\n<p>&nbsp;<\/p>\n<\/div>\n<div class=\"ce_text block\" data-index=\"6\">\n<p><img loading=\"lazy\" decoding=\"async\" class=\"alignnone size-medium wp-image-567\" src=\"https:\/\/sg1306.de\/wp-content\/uploads\/2024\/11\/Black-Mamba-1-270x300.jpg\" alt=\"\" width=\"270\" height=\"300\" srcset=\"https:\/\/sg1306.de\/wp-content\/uploads\/2024\/11\/Black-Mamba-1-270x300.jpg 270w, https:\/\/sg1306.de\/wp-content\/uploads\/2024\/11\/Black-Mamba-1-768x855.jpg 768w, https:\/\/sg1306.de\/wp-content\/uploads\/2024\/11\/Black-Mamba-1.jpg 878w\" sizes=\"auto, (max-width: 270px) 100vw, 270px\" \/><\/p>\n<p>&nbsp;<\/p>\n<p><strong>Big Tradition Black Mamba 62&#8243; 25-50 lbs.<\/strong><\/p>\n<p>&nbsp;<\/p>\n<\/div>\n<div class=\"ce_text block\" data-index=\"7\">\n<p><img loading=\"lazy\" decoding=\"async\" class=\"alignnone size-medium wp-image-568\" src=\"https:\/\/sg1306.de\/wp-content\/uploads\/2024\/11\/Buck-Trail-Antelope-1-300x249.jpg\" alt=\"\" width=\"300\" height=\"249\" srcset=\"https:\/\/sg1306.de\/wp-content\/uploads\/2024\/11\/Buck-Trail-Antelope-1-300x249.jpg 300w, https:\/\/sg1306.de\/wp-content\/uploads\/2024\/11\/Buck-Trail-Antelope-1-768x637.jpg 768w, https:\/\/sg1306.de\/wp-content\/uploads\/2024\/11\/Buck-Trail-Antelope-1.jpg 965w\" sizes=\"auto, (max-width: 300px) 100vw, 300px\" \/><\/p>\n<p><strong>Buck Trail Antelope 60&#8243; 25-60 lbs.<\/strong><\/p>\n<\/div>\n<\/div>\n<\/div>\n<nav class=\"slider-control\"><\/nav>\n<\/div>\n<div class=\"ce_text block\" style=\"text-align: center;\">\n<h1><span style=\"color: #339966;\"><strong>Langb\u00f6gen<\/strong><\/span><\/h1>\n<p><strong>Langb\u00f6gen direkt vom Gro\u00dfh\u00e4ndler<\/strong><\/p>\n<p><img loading=\"lazy\" decoding=\"async\" class=\"alignnone size-medium wp-image-551\" src=\"https:\/\/sg1306.de\/wp-content\/uploads\/2024\/11\/Langbogen-300x300.jpg\" alt=\"\" width=\"300\" height=\"300\" srcset=\"https:\/\/sg1306.de\/wp-content\/uploads\/2024\/11\/Langbogen-300x300.jpg 300w, https:\/\/sg1306.de\/wp-content\/uploads\/2024\/11\/Langbogen-150x150.jpg 150w, https:\/\/sg1306.de\/wp-content\/uploads\/2024\/11\/Langbogen-768x768.jpg 768w, https:\/\/sg1306.de\/wp-content\/uploads\/2024\/11\/Langbogen.jpg 1000w\" sizes=\"auto, (max-width: 300px) 100vw, 300px\" \/><\/p>\n<\/div>\n<div class=\"ce_sliderStart block\" style=\"text-align: center;\">\n<div class=\"content-slider\" data-config=\"3000,3000,1,1\">\n<div class=\"slider-wrapper\">\n<div class=\"ce_text block\" data-index=\"0\">\n<p><img loading=\"lazy\" decoding=\"async\" class=\"alignnone size-medium wp-image-560\" src=\"https:\/\/sg1306.de\/wp-content\/uploads\/2024\/11\/Oakridge-Longbow-Boga-278x300.jpg\" alt=\"\" width=\"278\" height=\"300\" srcset=\"https:\/\/sg1306.de\/wp-content\/uploads\/2024\/11\/Oakridge-Longbow-Boga-278x300.jpg 278w, https:\/\/sg1306.de\/wp-content\/uploads\/2024\/11\/Oakridge-Longbow-Boga-768x828.jpg 768w, https:\/\/sg1306.de\/wp-content\/uploads\/2024\/11\/Oakridge-Longbow-Boga.jpg 940w\" sizes=\"auto, (max-width: 278px) 100vw, 278px\" \/><\/p>\n<p>&nbsp;<\/p>\n<p><strong>Oak Ridge Boga 68&#8243; 25-55<\/strong><strong>\u00a0lbs.<\/strong><\/p>\n<p>&nbsp;<\/p>\n<\/div>\n<div class=\"ce_text block\" data-index=\"1\">\n<p><img loading=\"lazy\" decoding=\"async\" class=\"alignnone size-medium wp-image-556\" src=\"https:\/\/sg1306.de\/wp-content\/uploads\/2024\/11\/Oak-Ridge-LONGBOWS-BLACK-HAWK-1-300x239.jpg\" alt=\"\" width=\"300\" height=\"239\" srcset=\"https:\/\/sg1306.de\/wp-content\/uploads\/2024\/11\/Oak-Ridge-LONGBOWS-BLACK-HAWK-1-300x239.jpg 300w, https:\/\/sg1306.de\/wp-content\/uploads\/2024\/11\/Oak-Ridge-LONGBOWS-BLACK-HAWK-1-768x612.jpg 768w, https:\/\/sg1306.de\/wp-content\/uploads\/2024\/11\/Oak-Ridge-LONGBOWS-BLACK-HAWK-1.jpg 908w\" sizes=\"auto, (max-width: 300px) 100vw, 300px\" \/><\/p>\n<p>&nbsp;<\/p>\n<p><strong>Oak Ridge Black Hawk 68&#8243; 25-55<\/strong><strong>\u00a0lbs.<\/strong><\/p>\n<p>&nbsp;<\/p>\n<\/div>\n<div class=\"ce_text block\" data-index=\"3\">\n<p><strong style=\"color: #339966; font-size: 36px;\">Hybridb\u00f6gen<\/strong><\/p>\n<\/div>\n<\/div>\n<\/div>\n<\/div>\n<div class=\"ce_text block\" style=\"text-align: center;\">\n<p><strong>Hybridb\u00f6gen direkt vom Gro\u00dfh\u00e4ndler<\/strong><\/p>\n<p><img loading=\"lazy\" decoding=\"async\" class=\"alignnone size-medium wp-image-549\" src=\"https:\/\/sg1306.de\/wp-content\/uploads\/2024\/11\/Hybridbogen-66x300.jpg\" alt=\"\" width=\"66\" height=\"300\" srcset=\"https:\/\/sg1306.de\/wp-content\/uploads\/2024\/11\/Hybridbogen-66x300.jpg 66w, https:\/\/sg1306.de\/wp-content\/uploads\/2024\/11\/Hybridbogen.jpg 191w\" sizes=\"auto, (max-width: 66px) 100vw, 66px\" \/><\/p>\n<\/div>\n<div class=\"ce_text block\" style=\"text-align: center;\">\n<p><img loading=\"lazy\" decoding=\"async\" class=\"alignnone size-medium wp-image-555\" src=\"https:\/\/sg1306.de\/wp-content\/uploads\/2024\/11\/Oak-Ridge-HYBRID-300x273.jpg\" alt=\"\" width=\"300\" height=\"273\" srcset=\"https:\/\/sg1306.de\/wp-content\/uploads\/2024\/11\/Oak-Ridge-HYBRID-300x273.jpg 300w, https:\/\/sg1306.de\/wp-content\/uploads\/2024\/11\/Oak-Ridge-HYBRID-768x700.jpg 768w, https:\/\/sg1306.de\/wp-content\/uploads\/2024\/11\/Oak-Ridge-HYBRID.jpg 776w\" sizes=\"auto, (max-width: 300px) 100vw, 300px\" \/><\/p>\n<p>&nbsp;<\/p>\n<p><strong>Oak Ridge Hybrid 62&#8243; 25-55<\/strong><strong>\u00a0lbs.<\/strong><\/p>\n<p>&nbsp;<\/p>\n<\/div>\n<div class=\"ce_text block\" style=\"text-align: center;\">\n<h1><strong><span style=\"color: #339966;\">Carbonpfeile<\/span><\/strong><\/h1>\n<p><strong>Gold Tip WARRIOR<\/strong><\/p>\n<p><img loading=\"lazy\" decoding=\"async\" class=\"alignnone size-medium wp-image-548\" src=\"https:\/\/sg1306.de\/wp-content\/uploads\/2024\/11\/Gold_Tip_Warrior-1-300x235.jpg\" alt=\"\" width=\"300\" height=\"235\" srcset=\"https:\/\/sg1306.de\/wp-content\/uploads\/2024\/11\/Gold_Tip_Warrior-1-300x235.jpg 300w, https:\/\/sg1306.de\/wp-content\/uploads\/2024\/11\/Gold_Tip_Warrior-1-768x602.jpg 768w, https:\/\/sg1306.de\/wp-content\/uploads\/2024\/11\/Gold_Tip_Warrior-1.jpg 918w\" sizes=\"auto, (max-width: 300px) 100vw, 300px\" \/><\/p>\n<\/div>\n<div class=\"ce_text block\" style=\"text-align: center;\">\n<h1><span style=\"color: #339966;\"><strong>Holzpfeile<\/strong><\/span><\/h1>\n<p><strong>Cedar Premium gewogen und handgespined<\/strong><\/p>\n<p>&nbsp;<\/p>\n<p><img loading=\"lazy\" decoding=\"async\" class=\"alignnone size-full wp-image-570\" src=\"https:\/\/sg1306.de\/wp-content\/uploads\/2024\/11\/Cedar-1-1.jpg\" alt=\"\" width=\"243\" height=\"179\" \/><\/p>\n<\/div>\n<div class=\"ce_text block\" style=\"text-align: center;\">\n<h1><span style=\"color: #339966;\"><strong>Pfeilk\u00f6cher<\/strong><\/span><\/h1>\n<p><strong>Seiten-\/ Holsterk\u00f6cher<\/strong><\/p>\n<p><img loading=\"lazy\" decoding=\"async\" class=\"alignnone size-medium wp-image-563\" src=\"https:\/\/sg1306.de\/wp-content\/uploads\/2024\/11\/Seitenkoecher-300x284.jpg\" alt=\"\" width=\"300\" height=\"284\" srcset=\"https:\/\/sg1306.de\/wp-content\/uploads\/2024\/11\/Seitenkoecher-300x284.jpg 300w, https:\/\/sg1306.de\/wp-content\/uploads\/2024\/11\/Seitenkoecher.jpg 423w\" sizes=\"auto, (max-width: 300px) 100vw, 300px\" \/><\/p>\n<\/div>\n<div class=\"ce_text last block\" style=\"text-align: center;\">\n<h1><strong><span style=\"color: #339966;\">Rucksack<\/span><\/strong><\/h1>\n<p><strong>Pfeil und Bogenrucksack<\/strong><\/p>\n<p><img loading=\"lazy\" decoding=\"async\" class=\"alignnone size-medium wp-image-552\" src=\"https:\/\/sg1306.de\/wp-content\/uploads\/2024\/11\/LEGEND-Rucksack-254x300.jpg\" alt=\"\" width=\"254\" height=\"300\" srcset=\"https:\/\/sg1306.de\/wp-content\/uploads\/2024\/11\/LEGEND-Rucksack-254x300.jpg 254w, https:\/\/sg1306.de\/wp-content\/uploads\/2024\/11\/LEGEND-Rucksack.jpg 750w\" sizes=\"auto, (max-width: 254px) 100vw, 254px\" \/><\/p>\n<\/div>\n<\/div>\n<\/div>\n<\/div>\n<aside id=\"left\">\n<div class=\"inside\">\n<nav class=\"mod_navigation mod_navigationSub block\"><\/nav>\n<div id=\"breaking_news\" class=\"mod_newslist block\">\n<div class=\"layout_simple arc_6 block last even\"><\/div>\n<\/div>\n<\/div>\n<\/aside>\n<\/div>\n<footer id=\"footer\">\n<div class=\"inside\" style=\"text-align: center;\"><\/div>\n<\/footer>\n","protected":false},"excerpt":{"rendered":"<p>Recurveb\u00f6gen Jagdrecurve direkt vom Gro\u00dfh\u00e4ndler &nbsp; Oak Ridge Dymond 62&#8243; 25-60 lbs. &nbsp; Oak Ridge Dymond Grey 62&#8243; 25-55 lbs&#8230;. <a href=\"https:\/\/sg1306.de\/index.php\/bogensportartikel-bei-uns-bestellen\/\" class=\"readmore\">weiterlesen &#8230;<span class=\"screen-reader-text\">Bogensportartikel bei uns bestellen<\/span><span class=\"fa fa-angle-double-right\" aria-hidden=\"true\"><\/span><\/a><\/p>\n","protected":false},"author":2,"featured_media":0,"parent":0,"menu_order":0,"comment_status":"closed","ping_status":"closed","template":"","meta":{"pgc_sgb_lightbox_settings":"","_mc_calendar":[],"footnotes":""},"class_list":["post-542","page","type-page","status-publish","hentry"],"_links":{"self":[{"href":"https:\/\/sg1306.de\/index.php\/wp-json\/wp\/v2\/pages\/542","targetHints":{"allow":["GET"]}}],"collection":[{"href":"https:\/\/sg1306.de\/index.php\/wp-json\/wp\/v2\/pages"}],"about":[{"href":"https:\/\/sg1306.de\/index.php\/wp-json\/wp\/v2\/types\/page"}],"author":[{"embeddable":true,"href":"https:\/\/sg1306.de\/index.php\/wp-json\/wp\/v2\/users\/2"}],"replies":[{"embeddable":true,"href":"https:\/\/sg1306.de\/index.php\/wp-json\/wp\/v2\/comments?post=542"}],"version-history":[{"count":5,"href":"https:\/\/sg1306.de\/index.php\/wp-json\/wp\/v2\/pages\/542\/revisions"}],"predecessor-version":[{"id":572,"href":"https:\/\/sg1306.de\/index.php\/wp-json\/wp\/v2\/pages\/542\/revisions\/572"}],"wp:attachment":[{"href":"https:\/\/sg1306.de\/index.php\/wp-json\/wp\/v2\/media?parent=542"}],"curies":[{"name":"wp","href":"https:\/\/api.w.org\/{rel}","templated":true}]}}