{"id":457,"date":"2024-11-11T12:34:47","date_gmt":"2024-11-11T11:34:47","guid":{"rendered":"https:\/\/sg1306.de\/?page_id=457"},"modified":"2025-01-14T16:49:23","modified_gmt":"2025-01-14T15:49:23","slug":"mitglied-werden","status":"publish","type":"page","link":"https:\/\/sg1306.de\/index.php\/mitglied-werden\/","title":{"rendered":"Mitglied werden"},"content":{"rendered":"<h1 style=\"text-align: center;\"><span style=\"color: #339966;\"><strong>Aufnahme von Neumitgliedern<\/strong><\/span><\/h1>\n<div class=\"event layout_list anmeldung upcoming even first last cal_6\">\n<div class=\"ce_text block\">\n<p style=\"text-align: center;\"><span style=\"font-size: 18pt;\"><strong>jeden <\/strong><strong>zweiten Mittwoch im Monat<\/strong><\/span><\/p>\n<p style=\"text-align: center;\"><span style=\"font-size: 18pt;\"><strong>(November und Dezember keine Neuaufnahmen)<\/strong><\/span><\/p>\n<p style=\"text-align: center;\"><span style=\"font-size: 18pt;\"><strong>ab 18:00 Uhr<\/strong><\/span><\/p>\n<p style=\"text-align: center;\"><span style=\"font-size: 18pt;\"><strong>i<\/strong><strong>m B\u00fcro der Bogenabteilung<\/strong><\/span><\/p>\n<p style=\"text-align: center;\"><span style=\"font-size: 18pt;\"><strong>beim <span style=\"color: #339966;\">1. Bogensch\u00fctzenmeister Marco Gottschling<\/span>.<\/strong><\/span><\/p>\n<p style=\"text-align: center;\"><span style=\"font-size: 18pt;\"><strong>Sondervereinbarungen unter 0170\/3554883<\/strong><\/span><\/p>\n<h2 style=\"text-align: center;\"><strong><span style=\"color: #ff0000;\"><a style=\"color: #ff0000;\" href=\"https:\/\/www.sg1306.de\/contest\/index.php\/anfahrt.html\">So findet ihr uns, Video Anfahrt Bogenabteilung:<\/a><\/span><\/strong><\/h2>\n<p style=\"text-align: center;\"><span style=\"font-size: 18pt;\"><strong>Was musst Du mitbringen?<\/strong><\/span><\/p>\n<p style=\"text-align: center;\"><span style=\"font-size: 18pt;\"><strong>Passbild und Kontodaten<\/strong><\/span><\/p>\n<p style=\"text-align: center;\"><span style=\"color: #ff0000; font-size: 18pt;\"><strong>OHNE PASSBILD UND OHNE KONTODATEN KEINE AUFNAHME M\u00d6GLICH!!!<\/strong><\/span><\/p>\n<p style=\"text-align: center;\"><span style=\"font-size: 18pt;\"><strong>Wie geht es weiter?<\/strong><\/span><\/p>\n<p style=\"text-align: center;\"><span style=\"font-size: 18pt;\">Am Tag der Aufnahme bekommst Du einen &#8222;vorl\u00e4ufigen&#8220; Ausweis ausgestellt,<\/span><\/p>\n<p style=\"text-align: center;\"><span style=\"font-size: 18pt;\">bis Du Deine richtigen beiden Ausweise nach ca. 4-6 Wochen von uns zugeschickt bekommst.<\/span><\/p>\n<p style=\"text-align: center;\"><span style=\"font-size: 18pt;\"><strong>Ausweis BSSB<\/strong><\/span><\/p>\n<\/div>\n<\/div>\n<p><img loading=\"lazy\" decoding=\"async\" class=\"size-medium wp-image-2008 aligncenter\" style=\"text-align: center;\" src=\"https:\/\/sg1306.de\/wp-content\/uploads\/2024\/11\/Screenshot-2024-11-18-092326-300x182.png\" alt=\"\" width=\"300\" height=\"182\" srcset=\"https:\/\/sg1306.de\/wp-content\/uploads\/2024\/11\/Screenshot-2024-11-18-092326-300x182.png 300w, https:\/\/sg1306.de\/wp-content\/uploads\/2024\/11\/Screenshot-2024-11-18-092326.png 430w\" sizes=\"auto, (max-width: 300px) 100vw, 300px\" \/><\/p>\n<div class=\"event layout_list anmeldung upcoming even first last cal_6\">\n<div class=\"ce_text block\">\n<p style=\"text-align: center;\"><span style=\"font-size: 18pt;\"><strong>Ausweis nur g\u00fcltig mit Deiner Unterschrift.<\/strong><\/span><\/p>\n<p style=\"text-align: center;\"><span style=\"font-size: 18pt;\"><strong>Ausweis BDS<\/strong><\/span><\/p>\n<\/div>\n<\/div>\n<p><img loading=\"lazy\" decoding=\"async\" class=\"size-medium wp-image-2007 aligncenter\" style=\"text-align: center;\" src=\"https:\/\/sg1306.de\/wp-content\/uploads\/2024\/11\/Screenshot-2024-11-18-092305-194x300.png\" alt=\"\" width=\"194\" height=\"300\" srcset=\"https:\/\/sg1306.de\/wp-content\/uploads\/2024\/11\/Screenshot-2024-11-18-092305-194x300.png 194w, https:\/\/sg1306.de\/wp-content\/uploads\/2024\/11\/Screenshot-2024-11-18-092305.png 205w\" sizes=\"auto, (max-width: 194px) 100vw, 194px\" \/><\/p>\n<div class=\"event layout_list anmeldung upcoming even first last cal_6\">\n<div class=\"ce_text block\">\n<p style=\"text-align: center;\"><span style=\"font-size: 18pt;\">In diesem Ausweis findest Du dein Passbild wieder.<\/span><\/p>\n<p style=\"text-align: center;\"><span style=\"font-size: 18pt;\"><strong>Ausweis nur g\u00fcltig mit Deiner Unterschrift und einer j\u00e4hrlichen Beitragsmarke.<\/strong><\/span><\/p>\n<p style=\"text-align: center;\"><span style=\"font-size: 18pt;\">Die Beitragsmarken bekommst Du bei allen Sch\u00fctzenmeistern an den Schie\u00dfst\u00e4nden,<\/span><\/p>\n<p style=\"text-align: center;\"><span style=\"font-size: 18pt;\">hierzu h\u00e4ngen Zettel aus wenn Marken vorhanden sind.<\/span><\/p>\n<p style=\"text-align: center;\"><span style=\"color: #339966; font-size: 18pt;\"><em><strong>Ab hier bist Du dann ein echter 1306er<\/strong><\/em><\/span><\/p>\n<\/div>\n<\/div>\n","protected":false},"excerpt":{"rendered":"<p>Aufnahme von Neumitgliedern jeden zweiten Mittwoch im Monat (November und Dezember keine Neuaufnahmen) ab 18:00 Uhr im B\u00fcro der Bogenabteilung&#8230; <a href=\"https:\/\/sg1306.de\/index.php\/mitglied-werden\/\" class=\"readmore\">weiterlesen &#8230;<span class=\"screen-reader-text\">Mitglied werden<\/span><span class=\"fa fa-angle-double-right\" aria-hidden=\"true\"><\/span><\/a><\/p>\n","protected":false},"author":2,"featured_media":0,"parent":0,"menu_order":0,"comment_status":"closed","ping_status":"closed","template":"","meta":{"pgc_sgb_lightbox_settings":"","_mc_calendar":[],"footnotes":""},"class_list":["post-457","page","type-page","status-publish","hentry"],"_links":{"self":[{"href":"https:\/\/sg1306.de\/index.php\/wp-json\/wp\/v2\/pages\/457","targetHints":{"allow":["GET"]}}],"collection":[{"href":"https:\/\/sg1306.de\/index.php\/wp-json\/wp\/v2\/pages"}],"about":[{"href":"https:\/\/sg1306.de\/index.php\/wp-json\/wp\/v2\/types\/page"}],"author":[{"embeddable":true,"href":"https:\/\/sg1306.de\/index.php\/wp-json\/wp\/v2\/users\/2"}],"replies":[{"embeddable":true,"href":"https:\/\/sg1306.de\/index.php\/wp-json\/wp\/v2\/comments?post=457"}],"version-history":[{"count":5,"href":"https:\/\/sg1306.de\/index.php\/wp-json\/wp\/v2\/pages\/457\/revisions"}],"predecessor-version":[{"id":2717,"href":"https:\/\/sg1306.de\/index.php\/wp-json\/wp\/v2\/pages\/457\/revisions\/2717"}],"wp:attachment":[{"href":"https:\/\/sg1306.de\/index.php\/wp-json\/wp\/v2\/media?parent=457"}],"curies":[{"name":"wp","href":"https:\/\/api.w.org\/{rel}","templated":true}]}}