{"id":37,"date":"2024-11-08T11:30:29","date_gmt":"2024-11-08T10:30:29","guid":{"rendered":"https:\/\/sg1306.de\/?page_id=37"},"modified":"2024-11-18T11:32:33","modified_gmt":"2024-11-18T10:32:33","slug":"praesidium","status":"publish","type":"page","link":"https:\/\/sg1306.de\/index.php\/praesidium\/","title":{"rendered":"Pr\u00e4sidium"},"content":{"rendered":"\n<div class=\"ce_text block\">\n<p>\u00a0<\/p>\n<table>\n<tbody>\n<tr>\n<td colspan=\"2\" align=\"center\">\n<p><img loading=\"lazy\" decoding=\"async\" class=\"alignnone size-medium wp-image-341\" src=\"https:\/\/sg1306.de\/wp-content\/uploads\/2024\/11\/Reuss-Rudolf-2-213x300.png\" alt=\"\" width=\"213\" height=\"300\" srcset=\"https:\/\/sg1306.de\/wp-content\/uploads\/2024\/11\/Reuss-Rudolf-2-213x300.png 213w, https:\/\/sg1306.de\/wp-content\/uploads\/2024\/11\/Reuss-Rudolf-2.png 385w\" sizes=\"auto, (max-width: 213px) 100vw, 213px\" \/><\/p>\n<p><span data-mce-mark=\"1\"><strong>Rudolf Reuss<\/strong><\/span><\/p>\n<p><span data-mce-mark=\"1\"><strong>Pr\u00e4sident<\/strong><\/span><\/p>\n<p><span data-mce-mark=\"1\">Repr\u00e4sentation<\/span><\/p>\n<p><span data-mce-mark=\"1\">Kunigundenruh 1, 96123 Litzendorf<br \/><\/span><\/p>\n<p>Mobil: 01 51 11 13 79 78<\/p>\n<\/td>\n<\/tr>\n<tr>\n<td align=\"center\" valign=\"top\">\n<p><img loading=\"lazy\" decoding=\"async\" class=\"alignnone size-medium wp-image-333\" src=\"https:\/\/sg1306.de\/wp-content\/uploads\/2024\/11\/Mrosek-Stefan-241x300.jpg\" alt=\"\" width=\"241\" height=\"300\" srcset=\"https:\/\/sg1306.de\/wp-content\/uploads\/2024\/11\/Mrosek-Stefan-241x300.jpg 241w, https:\/\/sg1306.de\/wp-content\/uploads\/2024\/11\/Mrosek-Stefan.jpg 481w\" sizes=\"auto, (max-width: 241px) 100vw, 241px\" \/><\/p>\n<p><strong><span data-mce-mark=\"1\">Stefan Mrosek<\/span><\/strong><\/p>\n<p><strong><span data-mce-mark=\"1\">stellv. Pr\u00e4sident<\/span><\/strong><\/p>\n<p><strong><span data-mce-mark=\"1\">Vizepr\u00e4sident &#8211;\u00a0<\/span><\/strong>Schatzmeister<\/p>\n<p><span data-mce-mark=\"1\">Mobil: 01 72 13 23 88 8<\/span><\/p>\n<\/td>\n<td align=\"center\" valign=\"top\">\n<p><img loading=\"lazy\" decoding=\"async\" class=\"alignnone size-medium wp-image-335\" src=\"https:\/\/sg1306.de\/wp-content\/uploads\/2024\/11\/Schneckenburger-Frank-221x300.jpg\" alt=\"\" width=\"221\" height=\"300\" srcset=\"https:\/\/sg1306.de\/wp-content\/uploads\/2024\/11\/Schneckenburger-Frank-221x300.jpg 221w, https:\/\/sg1306.de\/wp-content\/uploads\/2024\/11\/Schneckenburger-Frank.jpg 381w\" sizes=\"auto, (max-width: 221px) 100vw, 221px\" \/><\/p>\n<p><strong>Frank Schneckenburger<br \/><\/strong><\/p>\n<p><strong>Vizepr\u00e4sident &#8211;\u00a0<\/strong>Bauunterhalt<\/p>\n<p><span data-mce-mark=\"1\">Mobil: 01 71 82 41 83 8<\/span><\/p>\n<\/td>\n<\/tr>\n<tr>\n<td align=\"center\" valign=\"top\">\n<p><img loading=\"lazy\" decoding=\"async\" class=\"alignnone size-medium wp-image-331\" src=\"https:\/\/sg1306.de\/wp-content\/uploads\/2024\/11\/Kraus-Andreas-185x300.jpg\" alt=\"\" width=\"185\" height=\"300\" srcset=\"https:\/\/sg1306.de\/wp-content\/uploads\/2024\/11\/Kraus-Andreas-185x300.jpg 185w, https:\/\/sg1306.de\/wp-content\/uploads\/2024\/11\/Kraus-Andreas-632x1024.jpg 632w, https:\/\/sg1306.de\/wp-content\/uploads\/2024\/11\/Kraus-Andreas-768x1244.jpg 768w, https:\/\/sg1306.de\/wp-content\/uploads\/2024\/11\/Kraus-Andreas.jpg 926w\" sizes=\"auto, (max-width: 185px) 100vw, 185px\" \/><\/p>\n<p><strong>Andreas Kraus<\/strong><\/p>\n<p><strong>Vizepr\u00e4sident &#8211;\u00a0<\/strong>Protokollf\u00fchrer<\/p>\n<p>Mobil: 01 75 74 43 21 1<\/p>\n<\/td>\n<td align=\"center\" valign=\"top\"><strong><img loading=\"lazy\" decoding=\"async\" class=\"alignnone size-full wp-image-2035\" src=\"https:\/\/sg1306.de\/wp-content\/uploads\/2024\/11\/mitarbeiter-platzhalter-k-298x300-1.jpg\" alt=\"\" width=\"298\" height=\"300\" srcset=\"https:\/\/sg1306.de\/wp-content\/uploads\/2024\/11\/mitarbeiter-platzhalter-k-298x300-1.jpg 298w, https:\/\/sg1306.de\/wp-content\/uploads\/2024\/11\/mitarbeiter-platzhalter-k-298x300-1-150x150.jpg 150w\" sizes=\"auto, (max-width: 298px) 100vw, 298px\" \/><\/strong>\n<p>\u00a0<\/p>\n<p><strong>aktuell nicht besetzt<\/strong><\/p>\n<p><strong>Vizepr\u00e4sident &#8211;\u00a0<\/strong>Gesch\u00e4ftsstellenleitung<\/p>\n<p>E-mail:\u00a0<a href=\"mailto:kuni@sg1306.de\">kuni@sg1306.de<\/a><\/p>\n<\/td>\n<\/tr>\n<tr>\n<td align=\"center\" valign=\"top\">\n<p><img loading=\"lazy\" decoding=\"async\" class=\"alignnone  wp-image-1348\" src=\"https:\/\/sg1306.de\/wp-content\/uploads\/2024\/11\/Gottschling1_k.jpg\" alt=\"\" width=\"219\" height=\"302\" \/><\/p>\n<p><strong>Marco Gottschling<\/strong><\/p>\n<p><strong>Vizepr\u00e4sident &#8211;\u00a0<\/strong>Mitgliederverwaltung<\/p>\n<p>Mobil: 01 70 35 54 88 3<\/p>\n<\/td>\n<td align=\"center\" valign=\"top\">\n<p><img loading=\"lazy\" decoding=\"async\" class=\"alignnone size-medium wp-image-330\" src=\"https:\/\/sg1306.de\/wp-content\/uploads\/2024\/11\/Dorn-Michael-225x300.png\" alt=\"\" width=\"225\" height=\"300\" srcset=\"https:\/\/sg1306.de\/wp-content\/uploads\/2024\/11\/Dorn-Michael-225x300.png 225w, https:\/\/sg1306.de\/wp-content\/uploads\/2024\/11\/Dorn-Michael-768x1024.png 768w, https:\/\/sg1306.de\/wp-content\/uploads\/2024\/11\/Dorn-Michael.png 960w\" sizes=\"auto, (max-width: 225px) 100vw, 225px\" \/><\/p>\n<p><strong>Michael Dorn<\/strong><\/p>\n<p><strong>Vizepr\u00e4sident &#8211; <\/strong>Tradition und Brauchtum<\/p>\n<p>Mobil: 01 71 67 23 25 2<\/p>\n<\/td>\n<\/tr>\n<\/tbody>\n<\/table>\n<\/div>\n\n\n\n<div class=\"ce_text last block\">\n<table align=\"left\">\n<tbody>\n<tr>\n<td colspan=\"2\" height=\"30\">F\u00fcr Fragen oder Ihr Anliegen k\u00f6nnen Sie uns gerne eine E-Mail an\u00a0<a href=\"mailto:kuni@sg1306.de\" target=\"_blank\" rel=\"noopener\">kuni@sg1306.de<\/a>\u00a0schreiben.<\/td>\n<\/tr>\n<tr>\n<td valign=\"top\" width=\"120\">\u00a0<\/td>\n<td width=\"330\"><span class=\"uebkl\">Postanschrift:<\/span><br \/>Postfach 2543, 96016 Bamberg\n<p><span class=\"uebkl\">Hausanschrift:<\/span><br \/>Kunigundenruh 1, 96123 Litzendorf<br \/>E-Mail:\u00a0<a href=\"mailto:kuni@sg1306.de\">kuni@sg1306.de<\/a><\/p>\n<\/td>\n<\/tr>\n<\/tbody>\n<\/table>\n<\/div>\n","protected":false},"excerpt":{"rendered":"<p>\u00a0 Rudolf Reuss Pr\u00e4sident Repr\u00e4sentation Kunigundenruh 1, 96123 Litzendorf Mobil: 01 51 11 13 79 78 Stefan Mrosek stellv. Pr\u00e4sident&#8230; <a href=\"https:\/\/sg1306.de\/index.php\/praesidium\/\" class=\"readmore\">weiterlesen &#8230;<span class=\"screen-reader-text\">Pr\u00e4sidium<\/span><span class=\"fa fa-angle-double-right\" aria-hidden=\"true\"><\/span><\/a><\/p>\n","protected":false},"author":1,"featured_media":0,"parent":0,"menu_order":0,"comment_status":"closed","ping_status":"closed","template":"","meta":{"pgc_sgb_lightbox_settings":"","_mc_calendar":[],"footnotes":""},"class_list":["post-37","page","type-page","status-publish","hentry"],"_links":{"self":[{"href":"https:\/\/sg1306.de\/index.php\/wp-json\/wp\/v2\/pages\/37","targetHints":{"allow":["GET"]}}],"collection":[{"href":"https:\/\/sg1306.de\/index.php\/wp-json\/wp\/v2\/pages"}],"about":[{"href":"https:\/\/sg1306.de\/index.php\/wp-json\/wp\/v2\/types\/page"}],"author":[{"embeddable":true,"href":"https:\/\/sg1306.de\/index.php\/wp-json\/wp\/v2\/users\/1"}],"replies":[{"embeddable":true,"href":"https:\/\/sg1306.de\/index.php\/wp-json\/wp\/v2\/comments?post=37"}],"version-history":[{"count":18,"href":"https:\/\/sg1306.de\/index.php\/wp-json\/wp\/v2\/pages\/37\/revisions"}],"predecessor-version":[{"id":2062,"href":"https:\/\/sg1306.de\/index.php\/wp-json\/wp\/v2\/pages\/37\/revisions\/2062"}],"wp:attachment":[{"href":"https:\/\/sg1306.de\/index.php\/wp-json\/wp\/v2\/media?parent=37"}],"curies":[{"name":"wp","href":"https:\/\/api.w.org\/{rel}","templated":true}]}}