{"id":2500,"date":"2024-12-09T07:08:17","date_gmt":"2024-12-09T06:08:17","guid":{"rendered":"https:\/\/sg1306.de\/?page_id=2500"},"modified":"2025-11-20T07:43:06","modified_gmt":"2025-11-20T06:43:06","slug":"info-gewehrabteilung-2","status":"publish","type":"page","link":"https:\/\/sg1306.de\/index.php\/info-gewehrabteilung-2\/","title":{"rendered":"Info Gewehrabteilung"},"content":{"rendered":"<h2 style=\"text-align: center;\"><img loading=\"lazy\" decoding=\"async\" class=\"alignnone size-full wp-image-495\" src=\"https:\/\/sg1306.de\/wp-content\/uploads\/2024\/11\/gewehr_con.gif\" alt=\"\" width=\"37\" height=\"37\" \/><\/h2>\n<h2 style=\"text-align: center;\"><span style=\"color: #000000;\"><strong>Schiesszeiten <\/strong><\/span><\/h2>\n<h2 style=\"text-align: center;\"><span style=\"color: #339966;\"><strong>Gewehrabteilung<\/strong><\/span><\/h2>\n<h2 style=\"text-align: center;\"><span style=\"color: #000000;\"><strong>Tel. 09 51 \/ 91 22 2-13<\/strong><\/span><\/h2>\n<p>&nbsp;<\/p>\n<h2 style=\"text-align: center;\"><span style=\"color: #000000;\"><strong>Der Stand ist ge\u00f6ffnet:<\/strong><\/span><\/h2>\n<h2 style=\"text-align: center;\"><span style=\"color: #339966;\"><strong>Mittwoch von 18:00 Uhr \u2013 20:00 Uhr<\/strong><\/span><\/h2>\n<h2 style=\"text-align: center;\"><span style=\"color: #339966;\"><strong>Donnerstag von 18:00 Uhr \u2013 20:00 Uhr<\/strong><\/span><\/h2>\n<h2 style=\"text-align: center;\"><span style=\"color: #339966;\"><strong>Samstag von 14:00 Uhr \u2013 16:00 Uhr<\/strong><\/span><\/h2>\n<h2 style=\"text-align: center;\"><span style=\"color: #339966;\"><strong>Sonntag von 10:00 Uhr \u2013 12:00 Uhr<\/strong><\/span><\/h2>\n<p>&nbsp;<\/p>\n<h2 style=\"text-align: center;\"><strong>Die Gewehrabteilung wird gef\u00fchrt vom\u00a0<\/strong><\/h2>\n<h2 style=\"text-align: center;\"><strong><span style=\"color: #339966;\">1. Gewehrsch\u00fctzenmeister Andreas Utz,<\/span>\u00a0<\/strong><\/h2>\n<h2 style=\"text-align: center;\"><strong>dem noch weitere Sch\u00fctzenmeister (Aufsichten) beigeordnet sind.<\/strong><\/h2>\n<h2 style=\"text-align: center;\"><strong>Die Abteilung Gewehr bietet auf insgesamt 41 Schie\u00dfbahnen, Schie\u00dfsportm\u00f6glichkeiten f\u00fcr Langwaffen in allen Kalibern.<\/strong><\/h2>\n<h2 style=\"text-align: center;\"><strong>In der Halle (10m) 15 Bahnen f\u00fcr Luftgewehr \/ Luftpistole<\/strong><\/h2>\n<h2 style=\"text-align: center;\"><strong>Im offenen Stand (50m), <\/strong><strong>8 Bahnen f\u00fcr Langwaffe Gro\u00dfkaliber\u00a0<\/strong><\/h2>\n<h2 style=\"text-align: center;\"><strong>Im offenen Stand (50m), 10 <\/strong><strong>Bahnen f\u00fcr Langwaffe Kleinkaliberkaliber (nur 22lfb.) und Schwarzpulver\u00a0<\/strong><\/h2>\n<h2 style=\"text-align: center;\"><strong>Im offenen Stand (100m), <\/strong><strong>6 Bahnen f\u00fcr Langwaffe Gro\u00dfkaliber<\/strong><\/h2>\n<p>&nbsp;<\/p>\n<h2 style=\"text-align: center;\"><strong>Im offenen Stand (50m), <\/strong><strong>2 Bahnen laufender Keiler\u00a0<\/strong><\/h2>\n","protected":false},"excerpt":{"rendered":"<p>Schiesszeiten Gewehrabteilung Tel. 09 51 \/ 91 22 2-13 &nbsp; Der Stand ist ge\u00f6ffnet: Mittwoch von 18:00 Uhr \u2013 20:00&#8230; <a href=\"https:\/\/sg1306.de\/index.php\/info-gewehrabteilung-2\/\" class=\"readmore\">weiterlesen &#8230;<span class=\"screen-reader-text\">Info Gewehrabteilung<\/span><span class=\"fa fa-angle-double-right\" aria-hidden=\"true\"><\/span><\/a><\/p>\n","protected":false},"author":2,"featured_media":0,"parent":0,"menu_order":0,"comment_status":"closed","ping_status":"closed","template":"","meta":{"pgc_sgb_lightbox_settings":"","_mc_calendar":[],"footnotes":""},"class_list":["post-2500","page","type-page","status-publish","hentry"],"_links":{"self":[{"href":"https:\/\/sg1306.de\/index.php\/wp-json\/wp\/v2\/pages\/2500","targetHints":{"allow":["GET"]}}],"collection":[{"href":"https:\/\/sg1306.de\/index.php\/wp-json\/wp\/v2\/pages"}],"about":[{"href":"https:\/\/sg1306.de\/index.php\/wp-json\/wp\/v2\/types\/page"}],"author":[{"embeddable":true,"href":"https:\/\/sg1306.de\/index.php\/wp-json\/wp\/v2\/users\/2"}],"replies":[{"embeddable":true,"href":"https:\/\/sg1306.de\/index.php\/wp-json\/wp\/v2\/comments?post=2500"}],"version-history":[{"count":8,"href":"https:\/\/sg1306.de\/index.php\/wp-json\/wp\/v2\/pages\/2500\/revisions"}],"predecessor-version":[{"id":4253,"href":"https:\/\/sg1306.de\/index.php\/wp-json\/wp\/v2\/pages\/2500\/revisions\/4253"}],"wp:attachment":[{"href":"https:\/\/sg1306.de\/index.php\/wp-json\/wp\/v2\/media?parent=2500"}],"curies":[{"name":"wp","href":"https:\/\/api.w.org\/{rel}","templated":true}]}}