{"id":230,"date":"2024-11-08T14:53:10","date_gmt":"2024-11-08T13:53:10","guid":{"rendered":"https:\/\/sg1306.de\/?page_id=230"},"modified":"2025-03-07T10:17:33","modified_gmt":"2025-03-07T09:17:33","slug":"wissenswertes","status":"publish","type":"page","link":"https:\/\/sg1306.de\/index.php\/wissenswertes\/","title":{"rendered":"Wissenswertes"},"content":{"rendered":"<div id=\"container\">\n<div id=\"main\">\n<div class=\"inside\">\n<div id=\"wissenswertes-i\" class=\"mod_article first last block\">\n<div class=\"ce_text first block\">\n<div class=\"n diyfeLiveArea\">\n<h2><img loading=\"lazy\" decoding=\"async\" class=\"alignnone size-full wp-image-2024 aligncenter\" src=\"https:\/\/sg1306.de\/wp-content\/uploads\/2024\/11\/bogenschiessen.gif\" alt=\"\" width=\"120\" height=\"118\" \/><\/h2>\n<h1><span class=\"diyfeDecoration\">Waffengesetz f\u00fcr Bogensport<\/span><\/h1>\n<\/div>\n<p align=\"left\">Das neue Waffengesetz gibt eindeutig an, dass B\u00f6gen keine Waffen sind, und deshalb aus dem Waffengesetz herausfallen. Anders gesagt: B\u00f6gen sind in Deutschland reine Sportger\u00e4te, wie Tennisschl\u00e4ger, Golfschl\u00e4ger, Fu\u00dfb\u00e4lle usw.<\/p>\n<p>Das Bogenschie\u00dfen im heimischen Garten ist also absolut erlaubt. Man muss jedoch daf\u00fcr Sorge tragen, dass der Pfeil das eigene Grundst\u00fcck nicht verlassen kann. Ist dies m\u00f6glich, so kann jemand gegen das Bogenschie\u00dfen vorgehen und im Falle eines Ungl\u00fccks kann nat\u00fcrlich der Grundst\u00fcckseigent\u00fcmer als auch derjenige der mit dem Bogen geschossen hat, in Regress genommen werden.<\/p>\n<p>Auch das Bogenschie\u00dfen im Wald, auf dem freien Feld oder anl\u00e4sslich von Feierlichkeiten (z. B. auf einer Kirmes oder Mittelaltermarkt) ist erlaubt und dagegen ist gesetzlich nichts einzuwenden. Der Eigent\u00fcmer des Grundst\u00fccks muss jedoch dar\u00fcber informiert werden und dem Schie\u00dfen auch zustimmen. Wenn bei diesem Schie\u00dfen sicher gestellt ist, dass nach menschlichen Ermessen nichts passieren kann, darf dann auch geschossen werden.\u00a0<strong>Aber immer gilt, der Bogensch\u00fctze haftet f\u00fcr seinen Pfeil.<\/strong><\/p>\n<p><strong>Zusammenfassung:<\/strong><\/p>\n<p><strong>Der Bogen unterliegt in keinster Weise dem Waffengesetz. Sie d\u00fcrfen grunds\u00e4tzlich \u00fcberall schie\u00dfen, sollten jedoch die Einwilligung des Grundst\u00fcckeigent\u00fcmers haben und m\u00fcssen gew\u00e4hrleisten k\u00f6nnen, dass durch Ihr Handeln keinerlei Gef\u00e4hrdung f\u00fcr andere besteht.<\/strong><\/p>\n<\/div>\n<div class=\"ce_text block\">\n<h1>\u00a0<\/h1>\n<h1>Langbogen<\/h1>\n<figure class=\"image_container float_above\"><img loading=\"lazy\" decoding=\"async\" class=\"size-medium wp-image-2018 aligncenter\" src=\"https:\/\/sg1306.de\/wp-content\/uploads\/2024\/11\/Klassischer-Langbogen-Enok-1dbAzewjEabBdy-300x300.webp\" alt=\"\" width=\"300\" height=\"300\" srcset=\"https:\/\/sg1306.de\/wp-content\/uploads\/2024\/11\/Klassischer-Langbogen-Enok-1dbAzewjEabBdy-300x300.webp 300w, https:\/\/sg1306.de\/wp-content\/uploads\/2024\/11\/Klassischer-Langbogen-Enok-1dbAzewjEabBdy-1024x1024.webp 1024w, https:\/\/sg1306.de\/wp-content\/uploads\/2024\/11\/Klassischer-Langbogen-Enok-1dbAzewjEabBdy-150x150.webp 150w, https:\/\/sg1306.de\/wp-content\/uploads\/2024\/11\/Klassischer-Langbogen-Enok-1dbAzewjEabBdy-768x768.webp 768w, https:\/\/sg1306.de\/wp-content\/uploads\/2024\/11\/Klassischer-Langbogen-Enok-1dbAzewjEabBdy.webp 1200w\" sizes=\"auto, (max-width: 300px) 100vw, 300px\" \/><\/figure>\n<div class=\"n diyfeLiveArea\">\n<p><strong>Dieser Bogentyp hat die Besonderheit gegen\u00fcber den anderen B\u00f6gen, dass er nur einfach gebogen ist.<\/strong><\/p>\n<p><strong>Dies ist die Urform des Bogens wie z.B.der Englische Langbogen.<\/strong><br \/>\n<strong>Dieser wurde als Kriegswaffe eingesetzt und hatte eine enorme Durchschlagskraft.<\/strong><br \/>\n<strong>In den meisten F\u00e4llen besteht er aus einem St\u00fcck und ist nicht selten bis zu 2<\/strong><br \/>\n<strong>Meter lang.<\/strong><br \/>\n<strong>Dieser Bogen wird ohne Visier geschossen d.h. er wird instinktiv<\/strong><br \/>\n<strong>geschossen.<\/strong><br \/>\n<strong>Wird der Bogen nicht geschossen, so wird die Sehne entspannt,<\/strong><br \/>\n<strong>d.h. die Spannung vom Bogen genommen, damit dieser nicht ausleiert.<\/strong><br \/>\n<strong>In England wurden die B\u00f6gen mit bis zu 120 lbs geschossen.<\/strong><br \/>\n<strong>Heutzutage werden normal bis zu 60 lbs geschossen.<\/strong><\/p>\n<\/div>\n<div id=\"imageSubtitle-4958488\" class=\"clearover imageSubtitle\">\n<div class=\"align-container align-center\"><a class=\"imagewrapper\" href=\"http:\/\/www.bowhuntervoreifel.de\/s\/cc_images\/cache_5605865.jpg?t=1354128519\" data-lightbox=\"4958488\"><img decoding=\"async\" id=\"image_5605865\" src=\"http:\/\/www.bowhuntervoreifel.de\/s\/cc_images\/cache_5605865.jpg?t=1354128519\" alt=\"\" \/><\/a><\/div>\n<div>\u00a0<\/div>\n<\/div>\n<\/div>\n<div class=\"ce_text block\">\n<h1>Recurvebogen<\/h1>\n<figure class=\"image_container float_above\"><img loading=\"lazy\" decoding=\"async\" class=\"size-medium wp-image-2020 aligncenter\" src=\"https:\/\/sg1306.de\/wp-content\/uploads\/2024\/11\/bear-recurve-bogen-super-grizzly-1-br040-240x300.jpg\" alt=\"\" width=\"240\" height=\"300\" srcset=\"https:\/\/sg1306.de\/wp-content\/uploads\/2024\/11\/bear-recurve-bogen-super-grizzly-1-br040-240x300.jpg 240w, https:\/\/sg1306.de\/wp-content\/uploads\/2024\/11\/bear-recurve-bogen-super-grizzly-1-br040-819x1024.jpg 819w, https:\/\/sg1306.de\/wp-content\/uploads\/2024\/11\/bear-recurve-bogen-super-grizzly-1-br040-768x960.jpg 768w, https:\/\/sg1306.de\/wp-content\/uploads\/2024\/11\/bear-recurve-bogen-super-grizzly-1-br040-1229x1536.jpg 1229w, https:\/\/sg1306.de\/wp-content\/uploads\/2024\/11\/bear-recurve-bogen-super-grizzly-1-br040.jpg 1440w\" sizes=\"auto, (max-width: 240px) 100vw, 240px\" \/><\/figure>\n<p><strong>Der Recurvebogen ist eine Weiterentwicklung des Langbogens.<\/strong><br \/>\n<strong>Seine Besonderheit liegt darin, dass die Wurfarme nach vorne gebogen sind.<\/strong><br \/>\n<strong>In dieser Biegung wird beim Spannen des Bogens die meiste Energie gespeichert.<\/strong><\/p>\n<p><strong>Dadurch kann der Bogen mehr Energie auf den Pfeil \u00fcbertragen, als ein<\/strong><br \/>\n<strong>Langbogen mit gleicher Zugkraft.<\/strong><br \/>\n<strong>Es gibt zwei Typen von Recurve:<\/strong><br \/>\n<strong>Zum Ersten den Jagdrecurve, der etwas k\u00fcrzer ist ,aus einem Teil besteht und Blank<\/strong><br \/>\n<strong>geschossen wird.<\/strong><br \/>\n<strong>Zum Zweiten den Take Down, der in drei Teile zerlegbar ist.<\/strong><\/p>\n<p><strong>Das Mittelteil und die beiden Wurfarme sind sehr schnell zerlegbar, da diese<\/strong><br \/>\n<strong>gesteckt werden.<\/strong><br \/>\n<strong>Beim Take Down kann man die Wurfarme austauschen, um das<\/strong><br \/>\n<strong>Zuggewicht zu ver\u00e4ndern.<\/strong><br \/>\n<strong>Dies ist bei einem Jagdrecurve nicht m\u00f6glich.<\/strong><\/p>\n<p><strong>Beide B\u00f6gen werden generell immer- wenn diese nicht geschossen werden &#8211;<\/strong><br \/>\n<strong>entspannt, damit die Wurfarme nicht ausleiern und Ihre Wurfkraft nicht<\/strong><br \/>\n<strong>verlieren.<\/strong><br \/>\n<strong>Auf dem Bild sieht man einen Recurve der zum Fita-Schiessen<\/strong><br \/>\n<strong>benutzt wird und mit viel Zubeh\u00f6r best\u00fcckt ist.<\/strong><br \/>\n<strong>Es ist ein Visier verbaut das man auch bis 90 Meter punkt genau die Mitte der Scheibe treffen kann.<\/strong><\/p>\n<p><strong>Die Stabiliesatoren sollen den Bogen im ausgezogenen Zustand und beim Schu\u00df<\/strong><br \/>\n<strong>beruhigen.<\/strong><\/p>\n<div id=\"imageSubtitle-4958902\" class=\"clearover imageSubtitle\">\n<div class=\"align-container align-center\"><strong><a class=\"imagewrapper\" href=\"http:\/\/www.bowhuntervoreifel.de\/s\/cc_images\/cache_5606477.png?t=1354128809\" data-lightbox=\"4958902\"><img decoding=\"async\" id=\"image_5606477\" src=\"http:\/\/www.bowhuntervoreifel.de\/s\/cc_images\/cache_5606477.png?t=1354128809\" alt=\"\" \/><\/a><\/strong><\/div>\n<div>\u00a0<\/div>\n<\/div>\n<\/div>\n<div class=\"ce_text block\">\n<h1>Compundbogen<\/h1>\n<p><img loading=\"lazy\" decoding=\"async\" class=\"size-medium wp-image-2026 aligncenter\" src=\"https:\/\/sg1306.de\/wp-content\/uploads\/2024\/11\/bear-archery-legend-xr-compoundbogen-schwarz-300x257.jpg\" alt=\"\" width=\"300\" height=\"257\" srcset=\"https:\/\/sg1306.de\/wp-content\/uploads\/2024\/11\/bear-archery-legend-xr-compoundbogen-schwarz-300x257.jpg 300w, https:\/\/sg1306.de\/wp-content\/uploads\/2024\/11\/bear-archery-legend-xr-compoundbogen-schwarz.jpg 700w\" sizes=\"auto, (max-width: 300px) 100vw, 300px\" \/><\/p>\n<\/div>\n<div>\u00a0<\/div>\n<div class=\"ce_text block\"><strong style=\"font-size: revert; color: initial;\">Der Compundbogen ist die technisch aufwendigste Form der Bogentypen.<\/strong><br \/>\n<strong>Seine Besonderheit liegt darin, dass die Sehne \u00fcber exzentrische Umlenkrollen gef\u00fchrt wird.<\/strong><br \/>\n<strong>Dadurch erreicht man, dass ab einem bestimmen Punkt beim Spannen der Sehne die Wirkung der Exzenter einsetzt.<\/strong><br \/>\n<strong>Im gespannten Zustand hat der Sch\u00fctze bis zu 80 %<\/strong><br \/>\n<strong>Zugentlastung (Let-Off).<\/strong><br \/>\n<strong>Das hat zur Folge, dass Compoundb\u00f6gen hohe Zuggewichte haben,und trotzdem noch problemlos bew\u00e4ltigt werden k\u00f6nnen.<\/strong><br \/>\n<strong>Der oben abgebildete PSE Firestorm ist z.B. mit einer Zugkraft von 70 lbs.<\/strong><br \/>\n<strong>(englische Pfund) und einem Let-Off von 80 % erh\u00e4ltlich.<\/strong><br \/>\n<strong>Im gespannten Zustand hat der Sch\u00fctze nur 14 lbs. zu halten.<\/strong><br \/>\n<strong>Trotzdem wird beim Schuss die Energie von 70 lbs. auf den Pfeil abgegeben.<\/strong><br \/>\n<strong>Das sind dann Pfeilgeschwindigkeiten von 300 Fu\u00df\/sec. (330 km\/h).<\/strong><br \/>\n<strong>Dadurch bekommt der Pfeil nat\u00fcrlich eine sehr gestreckte Flugbahn.<\/strong><br \/>\n<strong>Das falsche Einsch\u00e4tzen der Schussentfernung ist nicht mehr so gravierend.<\/strong><br \/>\n<strong>Die Folge: Der Bogen wird (in den L\u00e4ndern, in denen es erlaubt ist) gerne zur Jagd genommen.<\/strong><br \/>\n<strong>Und damit man dabei nicht im Unterholz h\u00e4ngen bleibt, ist der Bogentyp in den meisten F\u00e4llen sehr kurz gehalten.<\/strong><br \/>\n<strong>Der Compoundbogen bleibt im Gegensatz zu den anderen B\u00f6gen immer gespannt.<\/strong><br \/>\n<strong>Ohne eine entsprechende Einspannvorrichtung ist das Spannen und Entspannen auch gar nicht m\u00f6glich!<\/strong><br \/>\n<strong>Auf diesem Bild unten k\u00f6nnen Sie einiges \u00fcber den Compoundbogen erfahren.<\/strong><br \/>\n<strong>Der Bogen setzt sich aus 3 Teilen zusammen &#8211; den beiden Wurfarmen und dem Mittelteil (hier mit angebautem Visier und angebauter Pfeilauflage).<\/strong><br \/>\n<strong>Deutlich zu erkennen: Das Bogenfenster.<\/strong><br \/>\n<strong>Es sorgt daf\u00fcr, dass der Pfeil das Bogenmittelteil nicht so stark &#8222;umfliegen&#8220;<\/strong><br \/>\n<strong>muss. Gleichzeitig hat man durch das Bogenfenster den Blick frei auf das<\/strong><br \/>\n<strong>angebaute Visier.<\/strong><br \/>\n<strong>Direkt darunter: Der Griff &#8211; beim Rechtshandbogen f\u00fcr die<\/strong><br \/>\n<strong>linke Hand geformt; die rechte Hand zieht die Sehne (hier mit einem Release).<\/strong><\/p>\n<p><strong>Es gibt auch die (seltene) Variante, dass die Sehne mit einem Fingertab<\/strong><br \/>\n<strong>gezogen wird, wie bei einem Recurve-Bogen. Das geht bei gro\u00dfen und nicht zu<\/strong><br \/>\n<strong>starken B\u00f6gen (bis ca. 40 lbs.)<\/strong><br \/>\n<strong>Beachten Sie, dass Sie dann auch eine Recurve-Pfeilauflage und Recurve-Pfeile (eine Feder steht seitlich ab) ben\u00f6tigen.<\/strong><\/p>\n<p><strong>In der Sehne angebracht: ein Peep-Sight. Eine kleine Scheibe<\/strong><br \/>\n<strong>mit einem Loch in der Mitte. Durch dieses Loch zielt man \u00fcber das Visier auf das<\/strong><br \/>\n<strong>Ziel (vergleichbar mit einem Diopter beim Gewehr).<\/strong><br \/>\n<strong>Die mei\u00dften Compoundb\u00f6gen sind \u00fcbrigens so gefertigt, dass man durch gleichm\u00e4\u00dfiges Herausdrehen der Wurfarmbolzen das Zuggewicht um ca. 10 lbs. reduzieren kann (bei einigen Herstellern sogar mehr).<\/strong><br \/>\n<strong>Empfohlene Compoundbogen-St\u00e4rken:<\/strong><\/p>\n<p><strong>Frauen schie\u00dfen in der Regel mit Compoundb\u00f6gen im Bereich von 40 bis 55 lbs. M\u00e4nner im Bereich 50-60 lbs. (mehr ist bei FITA-Turnieren nicht erlaubt). Ein 10 j\u00e4hriger Junge kommt mit einem Bogen um die 15 bis 25 lbs. gut klar.<\/strong><\/p>\n<div id=\"imageSubtitle-4956643\" class=\"clearover imageSubtitle\">\n<div class=\"align-container align-center\"><strong><a class=\"imagewrapper\" href=\"http:\/\/www.bowhuntervoreifel.de\/s\/cc_images\/cache_5604587.jpg?t=1354128086\" data-lightbox=\"4956643\"><img decoding=\"async\" id=\"image_5604587\" src=\"http:\/\/www.bowhuntervoreifel.de\/s\/cc_images\/cache_5604587.jpg?t=1354128086\" alt=\"\" \/><\/a><\/strong><\/div>\n<div>\u00a0<\/div>\n<\/div>\n<\/div>\n<div class=\"ce_text block\">\n<h1>Reiterbogen<\/h1>\n<figure class=\"image_container float_above\"><img loading=\"lazy\" decoding=\"async\" class=\"size-medium wp-image-2023 aligncenter\" src=\"https:\/\/sg1306.de\/wp-content\/uploads\/2024\/11\/Kytischer_Reiterbogen_Bearpaw_ml-300x300.jpg\" alt=\"\" width=\"300\" height=\"300\" srcset=\"https:\/\/sg1306.de\/wp-content\/uploads\/2024\/11\/Kytischer_Reiterbogen_Bearpaw_ml-300x300.jpg 300w, https:\/\/sg1306.de\/wp-content\/uploads\/2024\/11\/Kytischer_Reiterbogen_Bearpaw_ml-150x150.jpg 150w, https:\/\/sg1306.de\/wp-content\/uploads\/2024\/11\/Kytischer_Reiterbogen_Bearpaw_ml-768x768.jpg 768w, https:\/\/sg1306.de\/wp-content\/uploads\/2024\/11\/Kytischer_Reiterbogen_Bearpaw_ml.jpg 1000w\" sizes=\"auto, (max-width: 300px) 100vw, 300px\" \/><\/figure>\n<div class=\"n diyfeLiveArea\">\n<p><strong>Der Reiterbogen ist eine Art von Bogen, der &#8211; da er sehr klein ist &#8211; vorwiegend<\/strong><br \/>\n<strong>von berittenen Kriegern verwendet wurde. Er kann aber auch vom Boden aus<\/strong><br \/>\n<strong>eingesetzt werden. Die Reiterb\u00f6gen der einzelnen V\u00f6lker unterscheiden sich nur<\/strong><br \/>\n<strong>wenig in Form und Aufbau. Die Gr\u00f6\u00dfe der B\u00f6gen ist nicht durch den<\/strong><br \/>\n<strong>Verwendungszweck beschr\u00e4nkt, sondern alleine durch die zur Verf\u00fcgung stehenden<\/strong><br \/>\n<strong>Materialien. Der \u00fcbermannsgro\u00dfe japanische Bogen, der Yumi, wird auch vom Pferd<\/strong><br \/>\n<strong>aus abgefeuert ebenso wie der sehr kleine t\u00fcrkische Reiterbogen.<\/strong><\/p>\n<\/div>\n<div id=\"imageSubtitle-4959751\" class=\"clearover imageSubtitle\">\n<div class=\"align-container align-center\"><strong><a class=\"imagewrapper\" href=\"http:\/\/www.bowhuntervoreifel.de\/s\/cc_images\/cache_5606943.jpg?t=1354129003\" data-lightbox=\"4959751\"><img decoding=\"async\" id=\"image_5606943\" src=\"http:\/\/www.bowhuntervoreifel.de\/s\/cc_images\/cache_5606943.jpg?t=1354129003\" alt=\"\" \/><\/a><\/strong><\/div>\n<div>\u00a0<\/div>\n<\/div>\n<\/div>\n<div class=\"ce_text last block\">\n<h1>Das ABC des Bogensports<\/h1>\n<h2>A<\/h2>\n<p><strong>Alle ins Gold<\/strong><br \/>\nDas ist der Gru\u00df unter den Bogensch\u00fctzen, den man sagt, um viel Gl\u00fcck zu w\u00fcnschen.<\/p>\n<p><strong>Ankerpunkt<\/strong><br \/>\nIst der Punkt, den jeder Sch\u00fctze individuell f\u00fcr sich beim Spannen des Bogens mit der Zughand finden mu\u00df.<\/p>\n<p><strong>Armschutz<\/strong><br \/>\nDient dazu, den Bogenarm vor der schmerzhaften Ber\u00fchrung der Sehne zu sch\u00fctzen, er wird innen am Unterarm befestigt.<\/p>\n<p><strong>Auszug<\/strong><br \/>\nJeder Sch\u00fctze hat einen bestimmten Auszug, gemessen von der Griffst\u00fcckinnenkante bis zum Nockpunkt der Sehne.<\/p>\n<hr noshade=\"noshade\" size=\"1\" \/>\n<h2>B<\/h2>\n<p><strong>Befiedern<\/strong><br \/>\nDer Schaft des Pfeiles wird mit meist drei Naturfedern oder Weichplastikfahnen versehen, um den Pfeil zu stabilisieren, hier gibt es unterschiedliche L\u00e4ngen.<\/p>\n<p><strong>Blankbogen<\/strong><br \/>\nAuch genannt Barebow, ein Bogen ohne Visier.<\/p>\n<p><strong>Bogenschlinge<\/strong><br \/>\nWird an der Bogenhand und am Bogen befestigt und dient dazu, da\u00df der Bogen nach dem L\u00f6sen nicht herunterf\u00e4llt.<\/p>\n<p><strong>Bogenst\u00e4nder<\/strong><br \/>\nDarauf wird der Bogen abgestellt, z.B. beim Pfeilholen.<\/p>\n<p><strong>Brustschutz<\/strong><br \/>\nDient sowohl zum Schutz der Brust vor schmerzhafter Ber\u00fchrung mit der Sehne als auch zum Abhalten der Sehne von st\u00f6render Kleidung.<\/p>\n<p><strong>Button<\/strong><br \/>\nDie Pfeilanlage, ein wichtiges Utensil f\u00fcr das Grob- und Feintuning beim Bogenschie\u00dfen, er dr\u00fcckt den Pfeil mit einer innenliegenden, verstellbaren Feder von der Pfeilauflage weg vom Bogenfenster, so wird der Pfeil in die richtige Richtung gedr\u00fcckt.<\/p>\n<hr noshade=\"noshade\" size=\"1\" \/>\n<h2>C<\/h2>\n<p><strong>Cams<\/strong><br \/>\nRollen an den Bogenenden bei Compoundbogen.<\/p>\n<p><strong>Checker<\/strong><br \/>\nHilfsmittel, um den Nockpunkt richtig einzustellen.<\/p>\n<p><strong>Compoundbogen<\/strong><br \/>\nDiese Art von Bogen arbeitet mit dem sog. Flaschenzugprinzip. Durch die Rollen, die sog. Cams an beiden Enden der Wurfarme kann das Zuggewicht des Bogens bis zu 80% reduziert werden.<\/p>\n<hr noshade=\"noshade\" size=\"1\" \/>\n<h2>F<\/h2>\n<p><strong>Feldbogen<\/strong><br \/>\nAuch genannt Jagdbogen, wird eingesetzt beim Feldbogenschie\u00dfen oder beim 3-D-Schie\u00dfen.<\/p>\n<div><strong>FLU FLU<\/strong><\/div>\n<div>Der\u00a0<strong>Flu Flu Pfeil<\/strong>\u00a0ist besonders f\u00fcr kurze Distanzen designt. Hierdurch eignet er sich gesondert f\u00fcr fliegende oder hoch liegende Ziele. Der\u00a0<strong>Flu Flu Pfeil<\/strong>\u00a0fliegt nicht weit und ist infolgedessen leichter zu finden. Er besitzt nach verh\u00e4ltnism\u00e4\u00dfig kurzer Flugzeit einen hohen Luftwiderstand. Direkt nach dem Schuss legen sich die Federn des\u00a0<strong>Flu Flu Pfeils<\/strong>\u00a0an und stehen sich nach kurzem Flug auf. Mit Hilfe die hiermit entstandene gr\u00f6\u00dferen Fl\u00e4che bremst der Pfeil pl\u00f6tzlich stark ab und f\u00e4llt daraufhin geradezu senkrecht vom Himmel. Wir verwenden bei den\u00a0<strong>Flu Flu Pfeilen<\/strong>\u00a0eine Sechsfach-Befiederung.<\/div>\n<hr noshade=\"noshade\" size=\"1\" \/>\n<h2>G<\/h2>\n<p><strong>Gipfelzuggewicht<\/strong><br \/>\nMaximales Zuggewicht beim Compoundbogen.<\/p>\n<p><strong>Gruppierung<\/strong><br \/>\nDie Pfeile sollten auf der Scheibe nah beieinander liegen.<\/p>\n<hr noshade=\"noshade\" size=\"1\" \/>\n<h2>J<\/h2>\n<p><strong>Jagdbogen<\/strong><br \/>\nDen asiatischen B\u00f6gen nachempfunden, ohne Zielhilfen.<\/p>\n<hr noshade=\"noshade\" size=\"1\" \/>\n<h2>K<\/h2>\n<p><strong>Kisser<\/strong><br \/>\nEin Teil aus Kunsstoff, welches auf H\u00f6he des Mundes in die Sehne eingearbeitet wird und der Kontrolle des Auszuges dient.<\/p>\n<p><strong>Klicker<\/strong><br \/>\nDieses Metallteil wird vor der Pfeilauflage montiert und kontrolliert so den gleichm\u00e4\u00dfigen Auszug, es &#8222;klickt&#8220; wenn der richtige Auszug erreicht ist.<\/p>\n<p><strong>K\u00f6cher<\/strong><br \/>\nHier werden die Pfeile aufbewahrt und am K\u00f6rper getragen.<\/p>\n<p><strong>Kyudo<\/strong><br \/>\nJapanische Bogensportart.<\/p>\n<hr noshade=\"noshade\" size=\"1\" \/>\n<h2>L<\/h2>\n<p><strong>Langbogen<\/strong><br \/>\nEin traditioneller Bogen, der ohne Hilfsmittel wie Visier etc. auskommt.<\/p>\n<p><strong>Leitfeder<\/strong><br \/>\nDie Leitfeder ist ein Teil der Befiederung und dient zum richtigen Einlegen des Pfeiles.<\/p>\n<p><strong>L\u00f6sen<\/strong><br \/>\nDas Loslassen der Sehne beim Schu\u00df.<\/p>\n<hr noshade=\"noshade\" size=\"1\" \/>\n<h2>M<\/h2>\n<p><strong>Mittelwicklung<\/strong><br \/>\nHier wird der mittlere Teil der Sehne umwickelt, auf dem auch der Nockpunkt fixiert ist, um vor Abnutzung zu sch\u00fctzen.<\/p>\n<hr noshade=\"noshade\" size=\"1\" \/>\n<h2>N<\/h2>\n<p><strong>Nachzielen<\/strong><br \/>\nNach dem Abschu\u00df des Pfeiles sollte man noch einige Zeit in der K\u00f6rperhaltung verbleiben.<\/p>\n<p><strong>Nock<\/strong><br \/>\nAufsatz aus Kunststoff, der am Ende des Pfeiles angebracht wird, um diesen damit an der Sehne zu befestigen.<\/p>\n<p><strong>Nockpunkt<\/strong><br \/>\nMarkierung der Sehne auf der der Pfeil aufgesetzt wird.<\/p>\n<hr noshade=\"noshade\" size=\"1\" \/>\n<h2>P<\/h2>\n<p><strong>Peep<\/strong><br \/>\nAuch genannt Sehnenvisier, ein St\u00fcck Kunststoff mit einem Loch, welches in die Sehne in Augenh\u00f6he eingearbeitet wird.<\/p>\n<p><strong>Pfeilauflage<\/strong><br \/>\nWird am Schu\u00dffenster montiert und dient zur Auflage des Pfeiles.<\/p>\n<p><strong>Primitivbogen<\/strong><br \/>\nAuch gennant Selfbow, ein Bogen ohne irgendwelche Zielhilfen, geschossen wird instinktiv.<\/p>\n<hr noshade=\"noshade\" size=\"1\" \/>\n<h2>R<\/h2>\n<p><strong>Recurvebogen<\/strong><br \/>\nWird auch Olympischer Bogen genannt, durch die gebogenen Bogenenden (Wurfarme) speichern sie mehr Energie und haben so einen h\u00f6heren Wirkungsgrad als z. B. Flach- und Langbogen.<\/p>\n<p><strong>Recurve<\/strong><br \/>\nEnde des Wurfarmes eines Recurvebogens.<\/p>\n<p><strong>Release<\/strong><br \/>\nWird von den Compondbogensch\u00fctzen verwendet, es wird in die Sehne eingeh\u00e4ngt und diese damit gespannt und dann ausgel\u00f6st.<\/p>\n<hr noshade=\"noshade\" size=\"1\" \/>\n<h2>S<\/h2>\n<p><strong>Scheibenauflage<\/strong><br \/>\nWird auf den Zielscheiben aufgebracht und ist bedruckt mit farbigen Ringen.<\/p>\n<p><strong>Schu\u00dffenster<\/strong><br \/>\nAuch als Shelf bezeichnet, ausgeschnittener Mittelteil des Bogens oberhalb des Griffes.<\/p>\n<p><strong>Scope<\/strong><br \/>\nEin Vergr\u00f6\u00dferungsglas, welches am Visier befestigt wird.<\/p>\n<p><strong>Sehnenwachs<\/strong><br \/>\nEin Impr\u00e4gniermittel zur Verl\u00e4ngerung der Haltbarkeit der Sehne.<\/p>\n<p><strong>Selfbow<\/strong><br \/>\nAuch gennant Primitivbogen, ein Bogen ohne irgendwelche Zielhilfen, geschossen wird instinktiv.<\/p>\n<p><strong>Spinewert<\/strong><br \/>\nWert f\u00fcr die Steifheit eines Pfeiles, gemessen durch Auflegen eines Gewichtes auf die Mitte des Schaftes und die dadurch enstandene Durchbiegung.<\/p>\n<p><strong>Spinne<\/strong><br \/>\nWird an die Vorderseite des Bogens angeschraubt, um daran die Stabilisatoren zu befestigen.<\/p>\n<p><strong>Stabilisator<\/strong><br \/>\nGewichte, auf Stangen angebracht, am vorderen Mittelteil des Bogens angebracht, um den Bogen auszutarieren.<\/p>\n<p><strong>Stringwalking<\/strong><br \/>\nZielhilfe, dabei greift der Sch\u00fctze, je nach Entfernung des Zieles, die Sehne weiter unter dem Pfeil.<\/p>\n<hr noshade=\"noshade\" size=\"1\" \/>\n<h2>T<\/h2>\n<p><strong>Tab<\/strong><br \/>\nAus Leder oder Kunstleder, um die Finger beim Ziehen der Sehne zu sch\u00fctzen.<\/p>\n<p><strong>Take down<\/strong><br \/>\nEin Langbogen ist entweder einteilig oder besteht aus 3 Teilen.<\/p>\n<p><strong>Trockenschu\u00df<\/strong><br \/>\nBezeichnet das Loslassen der Sehne, ohne da\u00df ein Pfeil eingelegt wurde. (Bitte niemals Trockenschie\u00dfen, kann den Bogen zerst\u00f6ren!!!)<\/p>\n<hr noshade=\"noshade\" size=\"1\" \/>\n<h2>V<\/h2>\n<p><strong>Visier<\/strong><br \/>\nMechanisch-Optische Zielhilfe.<\/p>\n<hr noshade=\"noshade\" size=\"1\" \/>\n<h2>W<\/h2>\n<p><strong>Wurfarme<\/strong><br \/>\nObere und untere Enden des Bogens.<\/p>\n<hr noshade=\"noshade\" size=\"1\" \/>\n<h2>Z<\/h2>\n<p><strong>Zuggewicht<\/strong><br \/>\nKraftaufwand beim Spannen des Bogens.<\/p>\n<\/div>\n<\/div>\n<\/div>\n<\/div>\n<aside id=\"left\">\n<div class=\"inside\">\u00a0<\/div>\n<\/aside>\n<\/div>\n<footer id=\"footer\">\n<div class=\"inside\">\u00a0<\/div>\n<\/footer>\n","protected":false},"excerpt":{"rendered":"<p>Waffengesetz f\u00fcr Bogensport Das neue Waffengesetz gibt eindeutig an, dass B\u00f6gen keine Waffen sind, und deshalb aus dem Waffengesetz herausfallen&#8230;. <a href=\"https:\/\/sg1306.de\/index.php\/wissenswertes\/\" class=\"readmore\">weiterlesen &#8230;<span class=\"screen-reader-text\">Wissenswertes<\/span><span class=\"fa fa-angle-double-right\" aria-hidden=\"true\"><\/span><\/a><\/p>\n","protected":false},"author":1,"featured_media":0,"parent":0,"menu_order":0,"comment_status":"closed","ping_status":"closed","template":"","meta":{"pgc_sgb_lightbox_settings":"","_mc_calendar":[],"footnotes":""},"class_list":["post-230","page","type-page","status-publish","hentry"],"_links":{"self":[{"href":"https:\/\/sg1306.de\/index.php\/wp-json\/wp\/v2\/pages\/230","targetHints":{"allow":["GET"]}}],"collection":[{"href":"https:\/\/sg1306.de\/index.php\/wp-json\/wp\/v2\/pages"}],"about":[{"href":"https:\/\/sg1306.de\/index.php\/wp-json\/wp\/v2\/types\/page"}],"author":[{"embeddable":true,"href":"https:\/\/sg1306.de\/index.php\/wp-json\/wp\/v2\/users\/1"}],"replies":[{"embeddable":true,"href":"https:\/\/sg1306.de\/index.php\/wp-json\/wp\/v2\/comments?post=230"}],"version-history":[{"count":7,"href":"https:\/\/sg1306.de\/index.php\/wp-json\/wp\/v2\/pages\/230\/revisions"}],"predecessor-version":[{"id":2988,"href":"https:\/\/sg1306.de\/index.php\/wp-json\/wp\/v2\/pages\/230\/revisions\/2988"}],"wp:attachment":[{"href":"https:\/\/sg1306.de\/index.php\/wp-json\/wp\/v2\/media?parent=230"}],"curies":[{"name":"wp","href":"https:\/\/api.w.org\/{rel}","templated":true}]}}