{"id":222,"date":"2024-11-08T14:51:53","date_gmt":"2024-11-08T13:51:53","guid":{"rendered":"https:\/\/sg1306.de\/?page_id=222"},"modified":"2025-12-02T07:31:57","modified_gmt":"2025-12-02T06:31:57","slug":"medienberichte","status":"publish","type":"page","link":"https:\/\/sg1306.de\/index.php\/medienberichte\/","title":{"rendered":"Medienberichte"},"content":{"rendered":"\r\n<h2 class=\"wp-block-heading has-large-font-size\"><span style=\"color: #008000;\"><strong>Bericht im Fr\u00e4nkischen Tag vom 02.12.2025<\/strong><\/span><\/h2>\r\n<p><img loading=\"lazy\" decoding=\"async\" class=\"alignnone size-full wp-image-4271\" src=\"https:\/\/sg1306.de\/wp-content\/uploads\/2025\/12\/Bogenkoenig-2025.png\" alt=\"\" width=\"438\" height=\"866\" srcset=\"https:\/\/sg1306.de\/wp-content\/uploads\/2025\/12\/Bogenkoenig-2025.png 438w, https:\/\/sg1306.de\/wp-content\/uploads\/2025\/12\/Bogenkoenig-2025-152x300.png 152w\" sizes=\"auto, (max-width: 438px) 100vw, 438px\" \/><\/p>\r\n<h2><span style=\"color: #008000;\"><strong>Bericht im Fr\u00e4nkischen Tag vom 19.09.2025<\/strong><\/span><\/h2>\r\n\r\n\r\n\r\n<p><img loading=\"lazy\" decoding=\"async\" class=\"alignnone size-full wp-image-4075\" src=\"https:\/\/sg1306.de\/wp-content\/uploads\/2025\/09\/FT-Bericht-vom-19.09.2025.png\" alt=\"\" width=\"505\" height=\"898\" srcset=\"https:\/\/sg1306.de\/wp-content\/uploads\/2025\/09\/FT-Bericht-vom-19.09.2025.png 505w, https:\/\/sg1306.de\/wp-content\/uploads\/2025\/09\/FT-Bericht-vom-19.09.2025-169x300.png 169w\" sizes=\"auto, (max-width: 505px) 100vw, 505px\" \/><\/p>\r\n\r\n<h1 class=\"ce_headline first\"><strong><span style=\"color: #339966;\">Bericht im Fr\u00e4nkischen Tag vom 20.08.2025<\/span><\/strong><\/h1>\r\n<p><img loading=\"lazy\" decoding=\"async\" class=\"alignnone size-full wp-image-3950\" src=\"https:\/\/sg1306.de\/wp-content\/uploads\/2025\/08\/Bericht-FT-35.Jagdbogenturnier-2025-1.jpg\" alt=\"\" width=\"786\" height=\"610\" srcset=\"https:\/\/sg1306.de\/wp-content\/uploads\/2025\/08\/Bericht-FT-35.Jagdbogenturnier-2025-1.jpg 786w, https:\/\/sg1306.de\/wp-content\/uploads\/2025\/08\/Bericht-FT-35.Jagdbogenturnier-2025-1-300x233.jpg 300w, https:\/\/sg1306.de\/wp-content\/uploads\/2025\/08\/Bericht-FT-35.Jagdbogenturnier-2025-1-768x596.jpg 768w\" sizes=\"auto, (max-width: 786px) 100vw, 786px\" \/><\/p>\r\n<h1 class=\"ce_headline first\"><strong><span style=\"color: #339966;\">Bericht im Fr\u00e4nkischen Tag vom 28.08.2023<\/span><\/strong><\/h1>\r\n<div class=\"ce_text block\">\r\n<p><img loading=\"lazy\" decoding=\"async\" src=\"https:\/\/www.sg1306.de\/files\/fM_k0001\/images\/images\/Bogenabteilung\/Jagdbogenturniere\/33.Jagdbogenturnier%202023\/2023-08-29%2007_38_32-Fr%C3%A4nkischer%20Tag%20E-Paper.jpg\" alt=\"\" width=\"1000\" height=\"1001\" \/><\/p>\r\n<\/div>\r\n<div class=\"ce_text block\">\r\n<h1><span style=\"color: #339966;\"><strong>Bericht im Fr\u00e4nkischen Tag vom 16.11.2019<\/strong><\/span><\/h1>\r\n<p><strong>Neue K\u00f6nige im Bogensport geehrt<\/strong><\/p>\r\n<p><strong>Bogensch\u00fctzen der SG 1306 k\u00fcren beim traditionellen K\u00f6nigsschie\u00dfen die Gewinner in zwei Bogenklassen<\/strong><\/p>\r\n<p><strong>Die Gewinner des j\u00e4hrlichen K\u00f6nigsschie\u00dfens der SG 1306 wurden in diesem Jahr auf dem vereinseigenen Bogenparcours ausgeschossen. Die Sch\u00fctzen absolvierten eine Hunterrunde mit einem Pfeil pro Ziel und ermittelten nach skandinavischer Wertung ihre Sch\u00fctzenk\u00f6nige. In der Traditionellen Bogenklasse setzte sich Georg Ruderich mit 308 Punkten durch. Den zweiten Platz belegte Jennifer Zenk mit 244 Punkten. Platz drei erreichte Ren\u00e9 Steyer mit einer Wertung von 189 Punkten. In der Bogenklasse der Compoundsch\u00fctzen siegte Manuel Gottschling mit 364 Punkten. Den zweiten Platz erreichte Michaela Schraetz mit 352 Punkten. Den dritten Platz sicherte sich Winfried Heby mit 342 Punkten.<\/strong><\/p>\r\n<p>Das K\u00f6nigsschie\u00dfen findet einmal im Jahr f\u00fcr alle Vereinsmitglieder statt. W\u00e4hrend der regul\u00e4ren \u00d6ffnungszeiten der Bogenabteilung steht der Schie\u00dfplatz allen interessierten G\u00e4sten offen. \u201eKinder und Erwachsene, die den Bogensport gerne selber ausprobieren m\u00f6chten, oder regelm\u00e4\u00dfig schie\u00dfen wollen, sind bei uns immer willkommen\u201c, so der 1. Bogensch\u00fctzenmeister Marco Gottschling. Eine eigene Ausr\u00fcstung ist zun\u00e4chst nicht erforderlich. Der Verein h\u00e4lt Leihb\u00f6gen und Schutzausr\u00fcstung parat. \u201eAuch Firmenfeiern oder Geburtstage mit einem gemeinsamen Bogensch\u00fctzenerlebnis k\u00f6nnen nach Absprache bei uns durchgef\u00fchrt werden\u201c, so Gottschling.<\/p>\r\n<p>Der Bogenplatz befindet sich in der Kunigundenruh zwischen Bamberg und Litzendorf. Weiter Informationen zu Terminen und \u00d6ffnungszeiten unter www.sg1306.de\/Bogen.<\/p>\r\n<p><img loading=\"lazy\" decoding=\"async\" src=\"https:\/\/www.sg1306.de\/files\/fM_k0001\/images\/images\/Bogenabteilung\/Koenigsschiessen%202018\/Koenigsschiessen%202019\/K%C3%B6nige%202019.jpg\" alt=\"\" width=\"933\" height=\"700\" \/><\/p>\r\n<\/div>\r\n<div class=\"ce_text block\">\r\n<h1><strong><span style=\"color: #339966;\">Bericht im Fr\u00e4nkischen Tag vom 24.08.2019<\/span><\/strong><\/h1>\r\n<p><img loading=\"lazy\" decoding=\"async\" src=\"https:\/\/www.sg1306.de\/files\/fM_k0001\/images\/images\/Bogenabteilung\/Jagdbogenturniere\/32.%20Jagdbogenturnier\/Bericht%2032.%20JBT%202019.jpg\" alt=\"\" width=\"630\" height=\"503\" \/><\/p>\r\n<\/div>\r\n<div class=\"ce_gallery block\">\r\n<h1><strong><span style=\"color: #339966;\">Bericht im Fr\u00e4nkischen Tag vom 07.11.2018<\/span><\/strong><\/h1>\r\n<figure class=\"image_container\"><a title=\"Bericht im Fr\u00e4nkischen Tag 07.11.2018.jpg\" href=\"https:\/\/www.sg1306.de\/files\/fM_k0001\/images\/images\/Bogenabteilung\/Koenigsschiessen%202018\/Bericht%20im%20Fr%C3%A4nkischen%20Tag%2007.11.2018.jpg\" data-lightbox=\"lb1541\"><img loading=\"lazy\" decoding=\"async\" class=\"alignnone\" src=\"https:\/\/www.sg1306.de\/files\/fM_k0001\/images\/images\/Bogenabteilung\/Koenigsschiessen%202018\/Bericht%20im%20Fr%C3%A4nkischen%20Tag%2007.11.2018.jpg\" alt=\"Bericht im Fr\u00e4nkischen Tag 07.11.2018.jpg\" width=\"634\" height=\"500\" \/><\/a><\/figure>\r\n<figure class=\"image_container\"><a title=\"Koenigssch_2018_087-a.jpg\" href=\"https:\/\/www.sg1306.de\/files\/fM_k0001\/images\/images\/Bogenabteilung\/Koenigsschiessen%202018\/Koenigssch_2018_087-a.jpg\" data-lightbox=\"lb1541\"><img loading=\"lazy\" decoding=\"async\" src=\"https:\/\/www.sg1306.de\/files\/fM_k0001\/images\/images\/Bogenabteilung\/Koenigsschiessen%202018\/Koenigssch_2018_087-a.jpg\" alt=\"Koenigssch_2018_087-a.jpg\" width=\"500\" height=\"333\" \/><\/a><\/figure>\r\n<\/div>\r\n<div class=\"ce_gallery block\">\r\n<h1><span style=\"color: #339966;\"><strong>Bericht im Fr\u00e4nkischen Tag vom 07.09.2018<\/strong><\/span><\/h1>\r\n<figure class=\"image_container\"><img loading=\"lazy\" decoding=\"async\" src=\"https:\/\/www.sg1306.de\/files\/fM_k0001\/images\/images\/Bogenabteilung\/Medien\/Bericht%20vom%2007.09.2018.jpg\" alt=\"Bericht vom 07.09.2018.jpg\" width=\"642\" height=\"621\" \/><\/figure>\r\n<\/div>\r\n<div class=\"ce_text block\">\u00a0<\/div>\r\n<div class=\"ce_youtube block\">\r\n<h1><span style=\"color: #339966;\"><strong>Tag der offenen T\u00fcr 2017<\/strong><\/span><\/h1>\r\n<div class=\"video-wrapper ar11\"><iframe loading=\"lazy\" src=\"https:\/\/www.youtube.com\/embed\/s9qQA3sRzFI\" width=\"500\" height=\"500\" allowfullscreen=\"allowfullscreen\" data-mce-fragment=\"1\"><\/iframe><\/div>\r\n<\/div>\r\n<div class=\"ce_gallery block\">\r\n<h1><strong style=\"color: revert; font-size: revert;\"><span style=\"color: #339966;\">Bericht im Fr\u00e4nkischen Tag vom 23.08.2017<\/span><\/strong><\/h1>\r\n<\/div>\r\n<div class=\"ce_gallery block\">\r\n<p><a title=\"Zeitungsbericht vom 23.08.2017.png\" href=\"https:\/\/www.sg1306.de\/files\/fM_k0001\/images\/images\/Bogenabteilung\/Jagdbogenturniere\/30.%20Jagdbogenturnier%202017\/Zeitungsbericht%20vom%2023.08.2017.png\" data-lightbox=\"lb1403\"><img loading=\"lazy\" decoding=\"async\" src=\"https:\/\/www.sg1306.de\/files\/fM_k0001\/images\/images\/Bogenabteilung\/Jagdbogenturniere\/30.%20Jagdbogenturnier%202017\/Zeitungsbericht%20vom%2023.08.2017.png\" alt=\"Zeitungsbericht vom 23.08.2017.png\" width=\"339\" height=\"700\" \/><\/a><\/p>\r\n<\/div>\r\n<div class=\"ce_gallery block\">\r\n<h1><strong style=\"color: revert; font-size: revert;\"><span style=\"color: #339966;\">Unser Sch\u00fctzenkollege Robert Mayer in der TB<\/span><\/strong><\/h1>\r\n<figure class=\"image_container\"><\/figure>\r\n<\/div>\r\n<div class=\"ce_gallery last block\">\r\n<figure class=\"image_container\"><img loading=\"lazy\" decoding=\"async\" src=\"https:\/\/www.sg1306.de\/files\/fM_k0001\/images\/images\/Bogenabteilung\/Medien\/Robert%20Meyer%20TB%2004%201998.jpg\" alt=\"Robert Meyer TB 04 1998.jpg\" width=\"597\" height=\"700\" \/><\/figure>\r\n<\/div>","protected":false},"excerpt":{"rendered":"<p>Bericht im Fr\u00e4nkischen Tag vom 02.12.2025 Bericht im Fr\u00e4nkischen Tag vom 19.09.2025 Bericht im Fr\u00e4nkischen Tag vom 20.08.2025 Bericht im&#8230; <a href=\"https:\/\/sg1306.de\/index.php\/medienberichte\/\" class=\"readmore\">weiterlesen &#8230;<span class=\"screen-reader-text\">Medienberichte<\/span><span class=\"fa fa-angle-double-right\" aria-hidden=\"true\"><\/span><\/a><\/p>\n","protected":false},"author":1,"featured_media":0,"parent":0,"menu_order":0,"comment_status":"closed","ping_status":"closed","template":"","meta":{"pgc_sgb_lightbox_settings":"","_mc_calendar":[],"footnotes":""},"class_list":["post-222","page","type-page","status-publish","hentry"],"_links":{"self":[{"href":"https:\/\/sg1306.de\/index.php\/wp-json\/wp\/v2\/pages\/222","targetHints":{"allow":["GET"]}}],"collection":[{"href":"https:\/\/sg1306.de\/index.php\/wp-json\/wp\/v2\/pages"}],"about":[{"href":"https:\/\/sg1306.de\/index.php\/wp-json\/wp\/v2\/types\/page"}],"author":[{"embeddable":true,"href":"https:\/\/sg1306.de\/index.php\/wp-json\/wp\/v2\/users\/1"}],"replies":[{"embeddable":true,"href":"https:\/\/sg1306.de\/index.php\/wp-json\/wp\/v2\/comments?post=222"}],"version-history":[{"count":10,"href":"https:\/\/sg1306.de\/index.php\/wp-json\/wp\/v2\/pages\/222\/revisions"}],"predecessor-version":[{"id":4272,"href":"https:\/\/sg1306.de\/index.php\/wp-json\/wp\/v2\/pages\/222\/revisions\/4272"}],"wp:attachment":[{"href":"https:\/\/sg1306.de\/index.php\/wp-json\/wp\/v2\/media?parent=222"}],"curies":[{"name":"wp","href":"https:\/\/api.w.org\/{rel}","templated":true}]}}