{"id":1387,"date":"2024-11-15T07:38:58","date_gmt":"2024-11-15T06:38:58","guid":{"rendered":"https:\/\/sg1306.de\/?page_id=1387"},"modified":"2025-12-09T14:52:47","modified_gmt":"2025-12-09T13:52:47","slug":"info-boellerabteilung","status":"publish","type":"page","link":"https:\/\/sg1306.de\/index.php\/info-boellerabteilung\/","title":{"rendered":"B\u00f6llersch\u00fctzen"},"content":{"rendered":"\n<p>\u00a0<\/p>\n<h1><img loading=\"lazy\" decoding=\"async\" class=\"alignnone size-full wp-image-493 aligncenter\" src=\"https:\/\/sg1306.de\/wp-content\/uploads\/2024\/11\/boellern_con.gif\" alt=\"\" width=\"37\" height=\"37\" \/><\/h1>\n<h1 style=\"text-align: center;\"><span style=\"font-size: 24pt;\"><strong><span style=\"color: #339966;\">B\u00f6llersch\u00fctzen<\/span><\/strong><\/span><\/h1>\n<h1 style=\"text-align: center;\"><span style=\"color: #000000; font-size: 24pt;\"><strong>Die B\u00f6llersch\u00fctzenkompanie<\/strong><\/span><br \/><span style=\"color: #000000; font-size: 24pt;\"><strong>der Vorm. Privil. Sch\u00fctzengesellschaft 1306 Bamberg e.V.<\/strong><\/span><\/h1>\n<h1 style=\"text-align: center;\"><span style=\"color: #000000; font-size: 24pt;\"><strong>Hervorgegangen aus Tradition und Brauchtum wurde die B\u00f6llerkompanie der SG 1306 im Jahre 1998 neu organisiert um die \u00e4lteste Sch\u00fctzengesellschaft von Oberfranken und der gr\u00f6\u00dften Sch\u00fctzenvereinigung von Bayern, mit \u00fcber 800 Mitgliedern, in W\u00fcrde zu repr\u00e4sentieren.<\/strong><\/span><\/h1>\n<h1 style=\"text-align: center;\"><span style=\"color: #000000; font-size: 24pt;\"><strong>Um dieser Aufgabe gerecht zu werden besitzt die Kompanie eigene Uniformen. Diese Uniformen wurden getreu der Vorlage des F\u00fcrstbischofs Philipp von Frankenstein in Verbindung mit der damaligen Sch\u00fctzenordnung von 1752 angefertigt. Als Ausstattung von B\u00f6llerger\u00e4ten kann die Kompanie 5 Kanonen, 2 Handb\u00f6ller und einen Schaftb\u00f6ller ihr Eigen nennen, wobei die einzelnen Mitlieder zus\u00e4tzlich auch private Ger\u00e4te bei Bedarf mit einbringen.<\/strong><\/span><\/h1>\n<h1 style=\"text-align: center;\"><span style=\"color: #000000; font-size: 24pt;\"><strong>Mit Ihren derzeit 23 aktiven B\u00f6llersch\u00fctzen, die alle eine Schie\u00dferlaubnis f\u00fcr Kanonen und Handb\u00f6llerger\u00e4ten besitzen, nimmt sie nach Auftrag und Einladung am kulturellen Leben in ganz Deutschland teil. Oft sind dies: runde Geburtstage ab 50 Jahre, Ehrungen, Hochzeiten und Beerdigungen von Vereinsmitgliedern, Totengedenken, K\u00f6nigsproklamationen, Begr\u00fc\u00dfungen von Pers\u00f6nlichkeiten, Festumz\u00fcge, Prozessionen und Veranstaltungen des BSSB in dessen Organisation sie fest eingebettet ist. Ihr Standort ist \u201eKunigundenruh\u201c, vor den Toren Bambergs im nahegelegenen Hauptsmoorwald Richtung P\u00f6deldorf.<\/strong><\/span><\/h1>\n<h1 style=\"text-align: center;\"><span style=\"color: #000000; font-size: 24pt;\"><strong>Seit 1767 bis 1987 versuchte die SG 1306 eigene Kanonen anzuschaffen, da bis dato nur mit geliehenen Ger\u00e4ten geb\u00f6llert wurde. 1784 hatte man bereits 3oo Gulden zum Bau einer Kanone bereit, doch dieses Geld wurde den damals durch Treibeis in Not geratenen B\u00fcrgern der Stadt Bamberg \u00fcbergegeben und auf die Kanone verzichtet. \u00a0 Am 3.10.1987 konnte die SG 1306 gleich zwei Kanonen offiziell ihr Eigen nennen. Die Patenschaft \u00fcbernahmen Gudila \u2013 Freifrau von P\u00f6lnitz und Klaus Freiherr von Adrian-Werburg, deren Namen die Lafetten der Kanonen heute zieren. 10 Jahre sp\u00e4ter folgte das Flaggschiff der Kompanie: Ein Abguss der \u00e4ltesten Kanone der Altenburg von 1738 versehen mit dem \u00e4ltesten Siegel der Stadt Bamberg.<\/strong><\/span><\/h1>\n<h1 style=\"text-align: center;\"><span style=\"color: #000000; font-size: 24pt;\"><strong>Als 2. Heimat der B\u00f6llerkompanie wurde im Laufe der Zeit die \u201eAltenburg\u201c. Jedes Jahr ruft Bezirkstagspr\u00e4sident und Vorsitzender des Altenburgvereins Edgar Sitzmann \u201eseine Kompanie\u201c auf die Burg um zu gesellschaftlichen Anl\u00e4ssen den mittelalterlichen Flair aufleben zu lassen. \u00a0Die so entstandene Symbiose fand ihren H\u00f6hepunkt im Jahr 2002 als Edgar Sitzmann im Rahmen der Bamberger Schie\u00dfsporttage auf Kunigundenruh zum Ehrenkommandanten der B\u00f6llerkompanie ernannt wurde.<\/strong><\/span><\/h1>\n<h1 style=\"text-align: center;\"><span style=\"color: #000000; font-size: 24pt;\"><strong>\u201eB\u00f6llern\u201c ist geschichtlich, fundamentiertes Brauchtum von dem nur bei traditionellen und kulturellen Anl\u00e4ssen von uns Gebrauch gemacht wird!<\/strong><\/span><\/h1>\n<h1 style=\"text-align: center;\"><span style=\"font-size: 24pt;\"><strong><span style=\"color: #339966;\">B\u00f6llerkommandant:<\/span><\/strong><\/span><\/h1>\n<h1 style=\"text-align: center;\"><span style=\"font-size: 24pt;\"><strong><span style=\"color: #339966;\">Markus Albrecht<\/span><\/strong><\/span><\/h1>\n\n\n<div class=\"pgc-sgb-cb wp-block-pgcsimplygalleryblock-slider \" data-gallery-id=\"94328517\"style=&quot;min-height:400px&quot;><div class=\"sgb-preloader\" id=\"pr_94328517\">\n\t<div class=\"sgb-square\" style=\"background:#d4d4d4\"><\/div>\n\t<div class=\"sgb-square\" style=\"background:#d4d4d4\"><\/div>\n\t<div class=\"sgb-square\" style=\"background:#d4d4d4\"><\/div>\n\t<div class=\"sgb-square\" style=\"background:#d4d4d4\"><\/div><\/div><div class=\"simply-gallery-amp pgc_sgb_slider \"><noscript><div class=\"sgb-gallery\"><\/div><\/noscript><\/div><script type=\"application\/json\" class=\"sgb-data\">{\"sliderAdminWidth\":840,\"galleryType\":\"pgc_sgb_slider\",\"galleryId\":\"94328517\",\"images\":[{\"url\":\"https:\/\/sg1306.de\/wp-content\/uploads\/2025\/12\/boellerschuetzen_clip_image004.jpg\",\"id\":4344,\"alt\":\"\"},{\"url\":\"https:\/\/sg1306.de\/wp-content\/uploads\/2025\/12\/boellerschuetzen_clip_image016.jpg\",\"id\":4346,\"alt\":\"\"},{\"url\":\"https:\/\/sg1306.de\/wp-content\/uploads\/2025\/12\/boellerschuetzen_clip_image014.jpg\",\"id\":4347,\"alt\":\"\"},{\"url\":\"https:\/\/sg1306.de\/wp-content\/uploads\/2025\/12\/boellerschuetzen_clip_image012.jpg\",\"id\":4348,\"alt\":\"\"},{\"url\":\"https:\/\/sg1306.de\/wp-content\/uploads\/2025\/12\/boellerschuetzen_clip_image010.jpg\",\"id\":4345,\"alt\":\"\"},{\"url\":\"https:\/\/sg1306.de\/wp-content\/uploads\/2025\/12\/boellerschuetzen_clip_image008.jpg\",\"id\":4349,\"alt\":\"\"},{\"url\":\"https:\/\/sg1306.de\/wp-content\/uploads\/2025\/12\/boellerschuetzen_clip_image006.jpg\",\"id\":4350,\"alt\":\"\"}],\"itemsMetaDataCollection\":[]}<\/script><script>(function(){if(window.PGC_SGB && window.PGC_SGB.searcher){window.PGC_SGB.searcher.initBlocks()}})()<\/script><\/div>","protected":false},"excerpt":{"rendered":"<p>\u00a0 B\u00f6llersch\u00fctzen Die B\u00f6llersch\u00fctzenkompanieder Vorm. Privil. Sch\u00fctzengesellschaft 1306 Bamberg e.V. Hervorgegangen aus Tradition und Brauchtum wurde die B\u00f6llerkompanie der SG&#8230; <a href=\"https:\/\/sg1306.de\/index.php\/info-boellerabteilung\/\" class=\"readmore\">weiterlesen &#8230;<span class=\"screen-reader-text\">B\u00f6llersch\u00fctzen<\/span><span class=\"fa fa-angle-double-right\" aria-hidden=\"true\"><\/span><\/a><\/p>\n","protected":false},"author":2,"featured_media":0,"parent":0,"menu_order":0,"comment_status":"closed","ping_status":"closed","template":"","meta":{"pgc_sgb_lightbox_settings":"","_mc_calendar":[],"footnotes":""},"class_list":["post-1387","page","type-page","status-publish","hentry"],"_links":{"self":[{"href":"https:\/\/sg1306.de\/index.php\/wp-json\/wp\/v2\/pages\/1387","targetHints":{"allow":["GET"]}}],"collection":[{"href":"https:\/\/sg1306.de\/index.php\/wp-json\/wp\/v2\/pages"}],"about":[{"href":"https:\/\/sg1306.de\/index.php\/wp-json\/wp\/v2\/types\/page"}],"author":[{"embeddable":true,"href":"https:\/\/sg1306.de\/index.php\/wp-json\/wp\/v2\/users\/2"}],"replies":[{"embeddable":true,"href":"https:\/\/sg1306.de\/index.php\/wp-json\/wp\/v2\/comments?post=1387"}],"version-history":[{"count":11,"href":"https:\/\/sg1306.de\/index.php\/wp-json\/wp\/v2\/pages\/1387\/revisions"}],"predecessor-version":[{"id":4353,"href":"https:\/\/sg1306.de\/index.php\/wp-json\/wp\/v2\/pages\/1387\/revisions\/4353"}],"wp:attachment":[{"href":"https:\/\/sg1306.de\/index.php\/wp-json\/wp\/v2\/media?parent=1387"}],"curies":[{"name":"wp","href":"https:\/\/api.w.org\/{rel}","templated":true}]}}