{"id":110,"date":"2024-11-08T13:48:30","date_gmt":"2024-11-08T12:48:30","guid":{"rendered":"https:\/\/sg1306.de\/?page_id=110"},"modified":"2024-11-08T18:25:09","modified_gmt":"2024-11-08T17:25:09","slug":"compliance","status":"publish","type":"page","link":"https:\/\/sg1306.de\/index.php\/compliance\/","title":{"rendered":"Compliance"},"content":{"rendered":"\n<p>Im Rahmen unserer stetigen Optimierung der Governance- und Risikomanagement-Prozesse ist dieses Verfahren ein entscheidender Schritt, um unsere Verpflichtung zu Transparenz und ethischem Verhalten zu st\u00e4rken und die menschenrechtlichen und umweltbezogenen Sorgfaltspflichten in angemessener Weise in den Lieferketten zu beachten.<\/p>\n\n\n\n<p><strong>Was ist das Beschwerdeverfahren ?<\/strong><\/p>\n\n\n\n<p>Das Beschwerdeverfahren bietet Ihnen eine sichere M\u00f6glichkeit, vertrauliche und gesch\u00fctzte Meldungen \u00fcber m\u00f6gliche oder tats\u00e4chliche Verst\u00f6\u00dfe gegen Unternehmensregeln oder gesetzliche Bestimmungen im Zusammenhang mit den Sorgfaltspflichten des LkSG zu treffen.<\/p>\n\n\n\n<p><strong>Wie k\u00f6nnen Sie das Verfahren nutzen?<\/strong><\/p>\n\n\n\n<p>Um eine Meldung abzugeben , besuchen Sie bitte folgenden Link: <a href=\"https:\/\/app.whistle-report.com\/report\/56ce9af0-dedf-49ea-8e06-a8771449e599\">Beschwerdeverfahren<\/a> . Der Prozess ist benutzerfreundlich gestaltet und erm\u00f6glicht es Ihnen, Ihre Meldung anonym abzugeben.<\/p>\n\n\n\n<p>Allgemeine Meldungen k\u00f6nnen auch \u00fcber den telefonischen Meldekanal abgeben werden :<\/p>\n\n\n\n<ul class=\"wp-block-list\">\n<li>Mo. \u2013 Fr.: 09:00 \u2013 17:00 Uhr<\/li>\n\n\n\n<li>aus Deutschland: +49 800 3800 999<\/li>\n\n\n\n<li>aus dem Ausland: +49 69 99998839<\/li>\n<\/ul>\n\n\n\n<p><strong>Datenschutz und Vertraulichkeit<\/strong><\/p>\n\n\n\n<p>Ihre Anonymit\u00e4t und der Schutz Ihrer Daten sind uns sehr wichtig. Alle Informationen, die Sie \u00fcber das Verfahren bereitstellen, werden streng vertraulich behandelt und entsprechend den Datenschutzgesetzen gehandhabt.<\/p>\n\n\n\n<p>Bei Fragen oder Unsicherheiten stehen Ihnen unsere Compliance-Beauftragten gerne zur Verf\u00fcgung. Diese erreichen Sie unter folgender E-Mailadresse: kuni@sg1306.de<\/p>\n\n\n\n<p><\/p>\n","protected":false},"excerpt":{"rendered":"<p>Im Rahmen unserer stetigen Optimierung der Governance- und Risikomanagement-Prozesse ist dieses Verfahren ein entscheidender Schritt, um unsere Verpflichtung zu Transparenz&#8230; <a href=\"https:\/\/sg1306.de\/index.php\/compliance\/\" class=\"readmore\">weiterlesen &#8230;<span class=\"screen-reader-text\">Compliance<\/span><span class=\"fa fa-angle-double-right\" aria-hidden=\"true\"><\/span><\/a><\/p>\n","protected":false},"author":1,"featured_media":0,"parent":0,"menu_order":0,"comment_status":"closed","ping_status":"closed","template":"","meta":{"pgc_sgb_lightbox_settings":"","_mc_calendar":[],"footnotes":""},"class_list":["post-110","page","type-page","status-publish","hentry"],"_links":{"self":[{"href":"https:\/\/sg1306.de\/index.php\/wp-json\/wp\/v2\/pages\/110","targetHints":{"allow":["GET"]}}],"collection":[{"href":"https:\/\/sg1306.de\/index.php\/wp-json\/wp\/v2\/pages"}],"about":[{"href":"https:\/\/sg1306.de\/index.php\/wp-json\/wp\/v2\/types\/page"}],"author":[{"embeddable":true,"href":"https:\/\/sg1306.de\/index.php\/wp-json\/wp\/v2\/users\/1"}],"replies":[{"embeddable":true,"href":"https:\/\/sg1306.de\/index.php\/wp-json\/wp\/v2\/comments?post=110"}],"version-history":[{"count":3,"href":"https:\/\/sg1306.de\/index.php\/wp-json\/wp\/v2\/pages\/110\/revisions"}],"predecessor-version":[{"id":282,"href":"https:\/\/sg1306.de\/index.php\/wp-json\/wp\/v2\/pages\/110\/revisions\/282"}],"wp:attachment":[{"href":"https:\/\/sg1306.de\/index.php\/wp-json\/wp\/v2\/media?parent=110"}],"curies":[{"name":"wp","href":"https:\/\/api.w.org\/{rel}","templated":true}]}}